{"id":1315,"date":"2012-01-25T21:44:56","date_gmt":"2012-01-25T19:44:56","guid":{"rendered":"http:\/\/www.eurokolikonmaailma.fi\/blogi\/?page_id=1315"},"modified":"2012-01-25T21:44:56","modified_gmt":"2012-01-25T19:44:56","slug":"masters-of-the-universe-war-and-conquer-giant-card-games","status":"publish","type":"page","link":"https:\/\/www.eurokolikonmaailma.fi\/?page_id=1315","title":{"rendered":"Masters of the Universe WAR and CONQUER Giant Card Games"},"content":{"rendered":"<p><img loading=\"lazy\" decoding=\"async\" src=\"http:\/\/motu.eurokolikonmaailma.fi\/kuvat\/kortti_tarra\/cardgame_logo.jpg\" alt=\"\" width=\"143\" height=\"47\" border=\"0\" \/><img loading=\"lazy\" decoding=\"async\" src=\"http:\/\/motu.eurokolikonmaailma.fi\/kuvat\/kortti_tarra\/golden_logo.jpg\" alt=\"\" width=\"49\" height=\"47\" border=\"0\" \/><br \/>\nTuotenumero: 4930<\/p>\n<p><img loading=\"lazy\" decoding=\"async\" src=\"http:\/\/motu.eurokolikonmaailma.fi\/kuvat\/kortti_tarra\/cardgame_front.jpg\" alt=\"\" width=\"209\" height=\"350\" border=\"0\" \/>\u00a0\u00a0\u00a0\u00a0\u00a0<img loading=\"lazy\" decoding=\"async\" src=\"http:\/\/motu.eurokolikonmaailma.fi\/kuvat\/kortti_tarra\/cardgame_back.jpg\" alt=\"\" width=\"211\" height=\"350\" border=\"0\" \/><\/p>\n<p align=\"left\">* Korttien koko: 8,5 cm x 14,6 cm<br \/>\n* Korttien m\u00e4\u00e4r\u00e4 pakassa: 40<br \/>\n* Valmistaja: Golden<br \/>\n* Valmistusvuosi: 1983<\/p>\n<p align=\"left\"><strong><span style=\"font-size: large;\">Peliohjeet (k\u00e4\u00e4nn\u00f6s)<\/span><\/strong><\/p>\n<p align=\"left\"><span style=\"font-size: medium;\">Sota (War):<strong><br \/>\n<\/strong><\/span>2 &#8211; 4 pelaajaa, 5 &#8211; 12 -vuotiaille<\/p>\n<p align=\"left\">Jakaja sekoittaa pakan ja jakaa ne kaikki pelaajille kuvapuoli alasp\u00e4in. Jotkin pelaajat voivat saada enemm\u00e4n kortteja kuin muut. Jokainen pelaaja muodostaa kuvapuoli alasp\u00e4in olevista korteistaan, katsomatta niit\u00e4, pinon.<\/p>\n<p>pelin aluksi jokainen pelaaja vuorollaan, laittaa pinonsa p\u00e4\u00e4llimm\u00e4isen kortin kuvapuoli yl\u00f6sp\u00e4in p\u00f6yd\u00e4n keskelle. Pelaaja jolla on arvoltaan korkein kortti, voittaa itselleen kaikki muut py\u00f6d\u00e4n keskell\u00e4 olevat kortit. Voittaja laittaa voittamansa kortit kuvapuoli alasp\u00e4in oman pinonsa alle ja sen j\u00e4lkeen aloittaa seuraavan kierroksen, pelaten pinonsa p\u00e4\u00e4llimm\u00e4isen kortin.<\/p>\n<p>Jos kahdella tai useammalla pelaaja laittaa p\u00f6yt\u00e4\u00e4n samanarvoisen kortin ja ovat korkeimman arvoiset kortit, alkaa sota. Jokainen henkil\u00f6, jolla oli samat (korkea)arvoiset kortit, asettavat yhden ylim\u00e4\u00e4r\u00e4isen kortin kuvapuoli alasp\u00e4in ja toisen kuvapuoli yl\u00f6sp\u00e4in p\u00f6yt\u00e4\u00e4n. Pelaaja, jonka toinen kuvapuoli yl\u00f6sp\u00e4in oleva kortti on korkein, voittaa kaikki pelatut kortit. Jos n\u00e4m\u00e4kin kortit ovat samanarvoiset, (sotivat) pelaajat asettavat kaksi lis\u00e4korttia kuvapuoli alasp\u00e4in ja kolmannen kuvapuoli yl\u00f6sp\u00e4in p\u00f6yt\u00e4\u00e4n, voittajan selvitt\u00e4miseksi.<\/p>\n<p>Kun pelaajalta loppuvat kortit, h\u00e4n joutuu ulos pelist\u00e4. Peli jatkuu kunnes, kaikilta paitsi yhdelt\u00e4 pelaajalta ovat kortit loppuneet. Pelin voittaja on se pelaaja, jolla on lopuksi kaikki kortit.<\/p>\n<p align=\"left\">\n<p align=\"left\"><span style=\"font-size: medium;\"><strong>Valloittaja (Conquer):<br \/>\n<\/strong><\/span>3 &#8211; 4 pelaajaa, 7 &#8211; 12 -vuotiaille<\/p>\n<p align=\"left\">Pelin tavoitteena on v\u00e4ltt\u00e4\u00e4 kortteja, joista saa pisteit\u00e4. Pakka koostuu nej\u00e4st\u00e4 hahmoryhm\u00e4st\u00e4 (tai maasta): He-Man, Skeletor, Man-At-Arms (Asemies) ja Teela. Kortti numero 9 Man-At-Arms ryhm\u00e4st\u00e4 on Taikakortti (Magic Card). Jokainen Skeletor-ryhm\u00e4n korteista on yhden (1) pisteen arvoinen, Taikakortti on 11 pisteen arvoinen ja kaikkien muiden korttien arvo on 0 pistett\u00e4.<\/p>\n<p>Pelin aluksi, sekoittakaa pakka ja jakakaa kortit kuvapuolialasp\u00e4in pelaajille, kaikille pelaajille yht\u00e4 monta. Jos kortteja j\u00e4\u00e4 yli, ne asetetaan kuvapuoli alasp\u00e4in p\u00f6yd\u00e4lle ja ne annetaan pelaajalle (ei k\u00e4teen), joka voittaa ensimm\u00e4isen pelikierroksen.<\/p>\n<p>Jokainen pelaaja valitsee mitk\u00e4 tahansa kaksi korttia k\u00e4dest\u00e4\u00e4n ja antaa ne, kuvapuoli alasp\u00e4in, h\u00e4nen vasemmalla puolellaan olevalle pelaajalle.<\/p>\n<p>Jakajan vasemmalla puolella oleva pelaaja aloittaa pelin, laittamalla p\u00f6yt\u00e4\u00e4n mink\u00e4 tahansa, paitsi Skeletor-kortin, kuvapuoli yl\u00f6sp\u00e4in. (T\u00e4m\u00e4n ensimm\u00e4isen kierroksen j\u00e4lkeen, ensiksi pelattu kortti voi olla mist\u00e4 tahansa ryhm\u00e4st\u00e4.) Pejaaja h\u00e4nen vasemmalla puolellaan jatkaa peli\u00e4, laittamalla p\u00f6yt\u00e4\u00e4n mink\u00e4 tahansa samaan ryhm\u00e4\u00e4n kuuluvista korteista, jos h\u00e4nell\u00e4 on niit\u00e4. Mik\u00e4li pelaajalla ei ole samaan ryhm\u00e4\u00e4n kuuluvia kortteja, voi h\u00e4n pelata mink\u00e4 tahansa kortin. Kierroksen p\u00e4\u00e4tteeksi, pelaaja, jolla on korkein kierroksen aloittajan ryhm\u00e4\u00e4n kuuluva kortti, ottaa kaikki pelatut kortit itselleen ja laittaa ne kuvapuoli alasp\u00e4in p\u00f6yd\u00e4lle l\u00e4helle itse\u00e4\u00e4n. Edellisen kierroksen voittaja aloittaa seuraavan kierroksen, pelaamalla mink\u00e4 tahansa kortin k\u00e4dest\u00e4\u00e4n.<\/p>\n<p><em>MUISTUTUS: PELIN TARKOITUKSENA ON V\u00c4LTT\u00c4\u00c4 SAAMASTA PISTEKORTTEJA.<\/em><\/p>\n<p>Kun kaikki kortit on pelattu, pelaajat laskevat pisteens\u00e4. Voittaja on se, jolla on v\u00e4hiten pisteit\u00e4.<\/p>\n<p><strong>Pelimuunnelma:<\/strong><br \/>\nPelaaja voi yritt\u00e4\u00e4 &#8221;valloittaa&#8221; vastustajansa voittamalla itselleen kaikki pistekortit. Mik\u00e4li pelaaja onnistuu saamaan kaikki 21 pistett\u00e4 itselleen, h\u00e4n voittaa pelin.<\/p>\n<p align=\"left\">\n<p align=\"left\"><img loading=\"lazy\" decoding=\"async\" src=\"http:\/\/motu.eurokolikonmaailma.fi\/kuvat\/kortti_tarra\/cardgame_hm1.jpg\" alt=\"\" width=\"209\" height=\"350\" border=\"0\" \/>\u00a0\u00a0\u00a0\u00a0<img loading=\"lazy\" decoding=\"async\" src=\"http:\/\/motu.eurokolikonmaailma.fi\/kuvat\/kortti_tarra\/cardgame_sr1.jpg\" alt=\"\" width=\"209\" height=\"350\" border=\"0\" \/>\u00a0\u00a0\u00a0<img loading=\"lazy\" decoding=\"async\" src=\"http:\/\/motu.eurokolikonmaailma.fi\/kuvat\/kortti_tarra\/cardgage_maa1.jpg\" alt=\"\" width=\"205\" height=\"350\" border=\"0\" \/>\u00a0\u00a0\u00a0<img loading=\"lazy\" decoding=\"async\" src=\"http:\/\/motu.eurokolikonmaailma.fi\/kuvat\/kortti_tarra\/cardgame_teela1.jpg\" alt=\"\" width=\"205\" height=\"350\" border=\"0\" \/>\u00a0\u00a0\u00a0<img loading=\"lazy\" decoding=\"async\" src=\"http:\/\/motu.eurokolikonmaailma.fi\/kuvat\/kortti_tarra\/cardgame_maa_mc.jpg\" alt=\"\" width=\"209\" height=\"350\" border=\"0\" \/>\u00a0\u00a0 \u00a0 \u00a0<img loading=\"lazy\" decoding=\"async\" src=\"http:\/\/motu.eurokolikonmaailma.fi\/kuvat\/kortti_tarra\/cardgame_backside.jpg\" alt=\"\" width=\"205\" height=\"350\" border=\"0\" \/><\/p>\n<p align=\"left\">Koska eri korttiryhmien sis\u00e4isesti kortit eroavat vain eri suuruisina numeroina, en laittanut kuvia kaikista korteista t\u00e4nne, vaan ainoastaan yhden jokaisesta ryhm\u00e4st\u00e4 + kuvan &#8221;Taikakortista&#8221; (Magic Card) + kuvan korttien k\u00e4\u00e4nt\u00f6puolesta.<\/p>\n","protected":false},"excerpt":{"rendered":"<p>Tuotenumero: 4930 \u00a0\u00a0\u00a0\u00a0\u00a0 * Korttien koko: 8,5 cm x 14,6 cm * Korttien m\u00e4\u00e4r\u00e4 pakassa: 40 * Valmistaja: Golden * Valmistusvuosi: 1983 Peliohjeet (k\u00e4\u00e4nn\u00f6s) Sota (War): 2 &#8211; 4 pelaajaa, 5 &#8211; 12 -vuotiaille Jakaja sekoittaa pakan ja jakaa ne &hellip; <a href=\"https:\/\/www.eurokolikonmaailma.fi\/?page_id=1315\">Lue loppuun <span class=\"meta-nav\">&rarr;<\/span><\/a><\/p>\n","protected":false},"author":1,"featured_media":0,"parent":166,"menu_order":0,"comment_status":"open","ping_status":"open","template":"","meta":{"footnotes":""},"class_list":["post-1315","page","type-page","status-publish","hentry"],"_links":{"self":[{"href":"https:\/\/www.eurokolikonmaailma.fi\/index.php?rest_route=\/wp\/v2\/pages\/1315","targetHints":{"allow":["GET"]}}],"collection":[{"href":"https:\/\/www.eurokolikonmaailma.fi\/index.php?rest_route=\/wp\/v2\/pages"}],"about":[{"href":"https:\/\/www.eurokolikonmaailma.fi\/index.php?rest_route=\/wp\/v2\/types\/page"}],"author":[{"embeddable":true,"href":"https:\/\/www.eurokolikonmaailma.fi\/index.php?rest_route=\/wp\/v2\/users\/1"}],"replies":[{"embeddable":true,"href":"https:\/\/www.eurokolikonmaailma.fi\/index.php?rest_route=%2Fwp%2Fv2%2Fcomments&post=1315"}],"version-history":[{"count":2,"href":"https:\/\/www.eurokolikonmaailma.fi\/index.php?rest_route=\/wp\/v2\/pages\/1315\/revisions"}],"predecessor-version":[{"id":1317,"href":"https:\/\/www.eurokolikonmaailma.fi\/index.php?rest_route=\/wp\/v2\/pages\/1315\/revisions\/1317"}],"up":[{"embeddable":true,"href":"https:\/\/www.eurokolikonmaailma.fi\/index.php?rest_route=\/wp\/v2\/pages\/166"}],"wp:attachment":[{"href":"https:\/\/www.eurokolikonmaailma.fi\/index.php?rest_route=%2Fwp%2Fv2%2Fmedia&parent=1315"}],"curies":[{"name":"wp","href":"https:\/\/api.w.org\/{rel}","templated":true}]}}