{"id":1296,"date":"2012-01-24T23:49:44","date_gmt":"2012-01-24T21:49:44","guid":{"rendered":"http:\/\/www.eurokolikonmaailma.fi\/blogi\/?page_id=1296"},"modified":"2012-01-24T23:49:44","modified_gmt":"2012-01-24T21:49:44","slug":"stardica-mu013","status":"publish","type":"page","link":"https:\/\/www.eurokolikonmaailma.fi\/?page_id=1296","title":{"rendered":"Stardica, MU013"},"content":{"rendered":"<p><a href=\"http:\/\/motu.eurokolikonmaailma.fi\/kuvat\/cels\/likefatherdaughter_bg_mid.jpg\" target=\"_blank\"><img loading=\"lazy\" decoding=\"async\" style=\"border-image: initial; border-width: 1px; border-color: black; border-style: solid;\" title=\"Taustakuva (v\u00e4rikopio) Stardican linnoituksen sis\u00e4lt\u00e4\" src=\"http:\/\/motu.eurokolikonmaailma.fi\/kuvat\/cels\/likefatherdaughter_bg_mid.jpg\" alt=\"\" width=\"630\" height=\"444\" \/><\/a><br \/>\nV\u00e4rikopio taustakuva<\/p>\n<p><a href=\"http:\/\/motu.eurokolikonmaailma.fi\/kuvat\/cels\/battlecat_serpentoid_cel_in_episode.jpg\" target=\"_blank\"><img loading=\"lazy\" decoding=\"async\" title=\"Taustakuva animaatiosarjassa\" src=\"http:\/\/motu.eurokolikonmaailma.fi\/kuvat\/cels\/battlecat_serpentoid_cel_in_episode.jpg\" alt=\"\" width=\"491\" height=\"370\" \/><\/a><br \/>\nKuvankaappaus kohtauksesta, jossa taustakuvaa on k\u00e4ytetty.<\/p>\n<p><strong>Taustakuva\u00a0<\/strong>&#8211;\u00a0<em>He-Man and the Masters of the Universe<\/em><strong>\u00a0<\/strong>-animaatiosarjan jaksosta #13, &#8221;Like Father, Like Daughter&#8221;.<\/p>\n","protected":false},"excerpt":{"rendered":"<p>V\u00e4rikopio taustakuva Kuvankaappaus kohtauksesta, jossa taustakuvaa on k\u00e4ytetty. Taustakuva\u00a0&#8211;\u00a0He-Man and the Masters of the Universe\u00a0-animaatiosarjan jaksosta #13, &#8221;Like Father, Like Daughter&#8221;.<\/p>\n","protected":false},"author":1,"featured_media":0,"parent":865,"menu_order":0,"comment_status":"open","ping_status":"open","template":"","meta":{"footnotes":""},"class_list":["post-1296","page","type-page","status-publish","hentry"],"_links":{"self":[{"href":"https:\/\/www.eurokolikonmaailma.fi\/index.php?rest_route=\/wp\/v2\/pages\/1296","targetHints":{"allow":["GET"]}}],"collection":[{"href":"https:\/\/www.eurokolikonmaailma.fi\/index.php?rest_route=\/wp\/v2\/pages"}],"about":[{"href":"https:\/\/www.eurokolikonmaailma.fi\/index.php?rest_route=\/wp\/v2\/types\/page"}],"author":[{"embeddable":true,"href":"https:\/\/www.eurokolikonmaailma.fi\/index.php?rest_route=\/wp\/v2\/users\/1"}],"replies":[{"embeddable":true,"href":"https:\/\/www.eurokolikonmaailma.fi\/index.php?rest_route=%2Fwp%2Fv2%2Fcomments&post=1296"}],"version-history":[{"count":2,"href":"https:\/\/www.eurokolikonmaailma.fi\/index.php?rest_route=\/wp\/v2\/pages\/1296\/revisions"}],"predecessor-version":[{"id":1298,"href":"https:\/\/www.eurokolikonmaailma.fi\/index.php?rest_route=\/wp\/v2\/pages\/1296\/revisions\/1298"}],"up":[{"embeddable":true,"href":"https:\/\/www.eurokolikonmaailma.fi\/index.php?rest_route=\/wp\/v2\/pages\/865"}],"wp:attachment":[{"href":"https:\/\/www.eurokolikonmaailma.fi\/index.php?rest_route=%2Fwp%2Fv2%2Fmedia&parent=1296"}],"curies":[{"name":"wp","href":"https:\/\/api.w.org\/{rel}","templated":true}]}}