{"id":1290,"date":"2012-01-24T22:44:22","date_gmt":"2012-01-24T20:44:22","guid":{"rendered":"http:\/\/www.eurokolikonmaailma.fi\/blogi\/?page_id=1290"},"modified":"2012-01-24T23:19:47","modified_gmt":"2012-01-24T21:19:47","slug":"battlecat-ja-serpentoid-mu013","status":"publish","type":"page","link":"https:\/\/www.eurokolikonmaailma.fi\/?page_id=1290","title":{"rendered":"Battlecat ja serpentoid, MU013"},"content":{"rendered":"<p><a href=\"http:\/\/motu.eurokolikonmaailma.fi\/kuvat\/cels\/battlecat_cel_mid.jpg\" target=\"_blank\"><img loading=\"lazy\" decoding=\"async\" style=\"border-image: initial; border-width: 1px; border-color: black; border-style: solid;\" title=\"Battlecat, k\u00e4sinmaalattu animaatiokalvo\" src=\"http:\/\/motu.eurokolikonmaailma.fi\/kuvat\/cels\/battlecat_cel_mid.jpg\" alt=\"\" width=\"630\" height=\"432\" \/><\/a><br \/>\nK\u00e4sinmaalattu Battlecat animaatiokalvo<\/p>\n<p><a href=\"http:\/\/motu.eurokolikonmaailma.fi\/kuvat\/cels\/serpentoid_cel2_mid.jpg\" target=\"_blank\"><img loading=\"lazy\" decoding=\"async\" style=\"border-image: initial; border-width: 1px; border-color: black; border-style: solid;\" title=\"Serpentoid, k\u00e4sinmaalattu animaatiokalvo\" src=\"http:\/\/motu.eurokolikonmaailma.fi\/kuvat\/cels\/serpentoid_cel2_mid.jpg\" alt=\"\" width=\"630\" height=\"474\" \/><\/a><br \/>\nK\u00e4sinmaalattu Serpentoid animaatiokalvo<\/p>\n<p><a href=\"http:\/\/motu.eurokolikonmaailma.fi\/kuvat\/cels\/battlecat_serpentoid_comb_mid.jpg\" target=\"_blank\"><img loading=\"lazy\" decoding=\"async\" style=\"border-image: initial; border-width: 1px; border-color: black; border-style: solid;\" title=\"Battlecat ja Serpentoid kalvot yhdess\u00e4\" src=\"http:\/\/motu.eurokolikonmaailma.fi\/kuvat\/cels\/battlecat_serpentoid_comb_mid.jpg\" alt=\"\" width=\"630\" height=\"468\" \/><\/a><br \/>\nKalvot yhdess\u00e4, sill\u00e4 ne kuuluvat samaan kohtaukseen.<\/p>\n<p><a href=\"http:\/\/motu.eurokolikonmaailma.fi\/kuvat\/cels\/battlecat_serpentoid_cel_in_episode.jpg\" target=\"_blank\"><img loading=\"lazy\" decoding=\"async\" title=\"Battlecat ja Serpentoid kalvot animaatiosarjassa\" src=\"http:\/\/motu.eurokolikonmaailma.fi\/kuvat\/cels\/battlecat_serpentoid_cel_in_episode.jpg\" alt=\"\" width=\"491\" height=\"370\" \/><\/a><br \/>\nKuvankaappaus kohtauksesta, jossa kalvoja on k\u00e4ytetty.<\/p>\n<p><strong>Battlecat ja serpentoid\u00a0<\/strong>&#8211;\u00a0<em>He-Man and the Masters of the Universe<\/em><strong>\u00a0<\/strong>-animaatiosarjan jaksosta #13, &#8221;Like Father, Like Daughter&#8221;.<\/p>\n","protected":false},"excerpt":{"rendered":"<p>K\u00e4sinmaalattu Battlecat animaatiokalvo K\u00e4sinmaalattu Serpentoid animaatiokalvo Kalvot yhdess\u00e4, sill\u00e4 ne kuuluvat samaan kohtaukseen. Kuvankaappaus kohtauksesta, jossa kalvoja on k\u00e4ytetty. Battlecat ja serpentoid\u00a0&#8211;\u00a0He-Man and the Masters of the Universe\u00a0-animaatiosarjan jaksosta #13, &#8221;Like Father, Like Daughter&#8221;.<\/p>\n","protected":false},"author":1,"featured_media":0,"parent":861,"menu_order":0,"comment_status":"open","ping_status":"open","template":"","meta":{"footnotes":""},"class_list":["post-1290","page","type-page","status-publish","hentry"],"_links":{"self":[{"href":"https:\/\/www.eurokolikonmaailma.fi\/index.php?rest_route=\/wp\/v2\/pages\/1290","targetHints":{"allow":["GET"]}}],"collection":[{"href":"https:\/\/www.eurokolikonmaailma.fi\/index.php?rest_route=\/wp\/v2\/pages"}],"about":[{"href":"https:\/\/www.eurokolikonmaailma.fi\/index.php?rest_route=\/wp\/v2\/types\/page"}],"author":[{"embeddable":true,"href":"https:\/\/www.eurokolikonmaailma.fi\/index.php?rest_route=\/wp\/v2\/users\/1"}],"replies":[{"embeddable":true,"href":"https:\/\/www.eurokolikonmaailma.fi\/index.php?rest_route=%2Fwp%2Fv2%2Fcomments&post=1290"}],"version-history":[{"count":3,"href":"https:\/\/www.eurokolikonmaailma.fi\/index.php?rest_route=\/wp\/v2\/pages\/1290\/revisions"}],"predecessor-version":[{"id":1293,"href":"https:\/\/www.eurokolikonmaailma.fi\/index.php?rest_route=\/wp\/v2\/pages\/1290\/revisions\/1293"}],"up":[{"embeddable":true,"href":"https:\/\/www.eurokolikonmaailma.fi\/index.php?rest_route=\/wp\/v2\/pages\/861"}],"wp:attachment":[{"href":"https:\/\/www.eurokolikonmaailma.fi\/index.php?rest_route=%2Fwp%2Fv2%2Fmedia&parent=1290"}],"curies":[{"name":"wp","href":"https:\/\/api.w.org\/{rel}","templated":true}]}}