{"id":1287,"date":"2012-01-24T22:40:16","date_gmt":"2012-01-24T20:40:16","guid":{"rendered":"http:\/\/www.eurokolikonmaailma.fi\/blogi\/?page_id=1287"},"modified":"2016-02-26T18:40:02","modified_gmt":"2016-02-26T16:40:02","slug":"azrog-ja-karg-mu023","status":"publish","type":"page","link":"https:\/\/www.eurokolikonmaailma.fi\/?page_id=1287","title":{"rendered":"Azrog ja Karg, MU023"},"content":{"rendered":"<p><a href=\"http:\/\/motu.eurokolikonmaailma.fi\/kuvat\/cels\/azrog_karg_cel_mid.jpg\" target=\"_blank\"><img loading=\"lazy\" decoding=\"async\" title=\"Azrog ja Karg, k\u00e4sinmaalattu animaatiokalvo\" src=\"http:\/\/motu.eurokolikonmaailma.fi\/kuvat\/cels\/azrog_karg_cel_mid.jpg\" alt=\"\" width=\"622\" height=\"512\" \/><\/a><\/p>\n<p>K\u00e4sinmaalattu animaatiokalvo (monitasoinen) + v\u00e4rikopio taustakuva<br \/>\n&#8211; Animaatiokalvo ja taustakuva ovat niin liimautuneina toisiinsa, ettei niit\u00e4 saa irti erikseen skannattaviksi<\/p>\n<p><a href=\"http:\/\/motu.eurokolikonmaailma.fi\/kuvat\/cels\/azrog_karg_cel_in_episode.jpg\"><img loading=\"lazy\" decoding=\"async\" title=\"Azrog ja Karg kalvo animaatiosarjassa\" src=\"http:\/\/motu.eurokolikonmaailma.fi\/kuvat\/cels\/azrog_karg_cel_in_episode.jpg\" alt=\"\" width=\"493\" height=\"369\" \/><br \/>\n<\/a>Kuvankaappaus kohdasta, jossa animaatiokalvoa on k\u00e4ytetty.<\/p>\n<p><strong>Azrog ja Karg\u00a0<\/strong>&#8211;\u00a0<em>He-Man and the Masters of the Universe<\/em><strong>\u00a0<\/strong>-animaatiosarjan jaksosta #23, &#8221;The Return of Orko&#8217;s Uncle&#8221;.<a href=\"http:\/\/motu.eurokolikonmaailma.fi\/kuvat\/cels\/azrog_karg_cel_in_episode.jpg\"><br \/>\n<\/a><\/p>\n","protected":false},"excerpt":{"rendered":"<p>K\u00e4sinmaalattu animaatiokalvo (monitasoinen) + v\u00e4rikopio taustakuva &#8211; Animaatiokalvo ja taustakuva ovat niin liimautuneina toisiinsa, ettei niit\u00e4 saa irti erikseen skannattaviksi Kuvankaappaus kohdasta, jossa animaatiokalvoa on k\u00e4ytetty. Azrog ja Karg\u00a0&#8211;\u00a0He-Man and the Masters of the Universe\u00a0-animaatiosarjan jaksosta #23, &#8221;The Return of &hellip; <a href=\"https:\/\/www.eurokolikonmaailma.fi\/?page_id=1287\">Lue loppuun <span class=\"meta-nav\">&rarr;<\/span><\/a><\/p>\n","protected":false},"author":1,"featured_media":0,"parent":861,"menu_order":0,"comment_status":"open","ping_status":"open","template":"","meta":{"footnotes":""},"class_list":["post-1287","page","type-page","status-publish","hentry"],"_links":{"self":[{"href":"https:\/\/www.eurokolikonmaailma.fi\/index.php?rest_route=\/wp\/v2\/pages\/1287","targetHints":{"allow":["GET"]}}],"collection":[{"href":"https:\/\/www.eurokolikonmaailma.fi\/index.php?rest_route=\/wp\/v2\/pages"}],"about":[{"href":"https:\/\/www.eurokolikonmaailma.fi\/index.php?rest_route=\/wp\/v2\/types\/page"}],"author":[{"embeddable":true,"href":"https:\/\/www.eurokolikonmaailma.fi\/index.php?rest_route=\/wp\/v2\/users\/1"}],"replies":[{"embeddable":true,"href":"https:\/\/www.eurokolikonmaailma.fi\/index.php?rest_route=%2Fwp%2Fv2%2Fcomments&post=1287"}],"version-history":[{"count":3,"href":"https:\/\/www.eurokolikonmaailma.fi\/index.php?rest_route=\/wp\/v2\/pages\/1287\/revisions"}],"predecessor-version":[{"id":3706,"href":"https:\/\/www.eurokolikonmaailma.fi\/index.php?rest_route=\/wp\/v2\/pages\/1287\/revisions\/3706"}],"up":[{"embeddable":true,"href":"https:\/\/www.eurokolikonmaailma.fi\/index.php?rest_route=\/wp\/v2\/pages\/861"}],"wp:attachment":[{"href":"https:\/\/www.eurokolikonmaailma.fi\/index.php?rest_route=%2Fwp%2Fv2%2Fmedia&parent=1287"}],"curies":[{"name":"wp","href":"https:\/\/api.w.org\/{rel}","templated":true}]}}