{"id":1259,"date":"2012-01-24T21:58:35","date_gmt":"2012-01-24T19:58:35","guid":{"rendered":"http:\/\/www.eurokolikonmaailma.fi\/blogi\/?page_id=1259"},"modified":"2012-01-24T21:58:35","modified_gmt":"2012-01-24T19:58:35","slug":"horde-trooper-pop027","status":"publish","type":"page","link":"https:\/\/www.eurokolikonmaailma.fi\/?page_id=1259","title":{"rendered":"Horde Trooper, POP027"},"content":{"rendered":"<p><a href=\"http:\/\/motu.eurokolikonmaailma.fi\/kuvat\/cels\/trooper_cel_lineart.jpg\" target=\"_blank\"><img loading=\"lazy\" decoding=\"async\" style=\"border-image: initial; border-width: 1px; border-color: black; border-style: solid;\" title=\"Horde Trooper, kyn\u00e4piirros\" src=\"http:\/\/motu.eurokolikonmaailma.fi\/kuvat\/cels\/trooper_cel_lineart.jpg\" alt=\"\" width=\"630\" height=\"522\" \/><\/a><br \/>\nKyn\u00e4piirros<\/p>\n<p><a href=\"http:\/\/motu.eurokolikonmaailma.fi\/kuvat\/cels\/trooper_cel.jpg\" target=\"_blank\"><img loading=\"lazy\" decoding=\"async\" style=\"border-image: initial; border-width: 1px; border-color: black; border-style: solid;\" title=\"Horde Trooper, k\u00e4sinmaalattu animaatiokalvo\" src=\"http:\/\/motu.eurokolikonmaailma.fi\/kuvat\/cels\/trooper_cel.jpg\" alt=\"\" width=\"630\" height=\"540\" \/><\/a><br \/>\nK\u00e4sinmaalattu animaatiokalvo<\/p>\n<p><a href=\"http:\/\/motu.eurokolikonmaailma.fi\/kuvat\/cels\/trooper_cel_in_episode.jpg\" target=\"_blank\"><img loading=\"lazy\" decoding=\"async\" title=\"Horde Trooper kalvo animaatiosarjassa\" src=\"http:\/\/motu.eurokolikonmaailma.fi\/kuvat\/cels\/trooper_cel_in_episode.jpg\" alt=\"\" width=\"528\" height=\"401\" \/><\/a><br \/>\nKuvankaappaus kohdasta, jossa animaatiokalvoa on k\u00e4ytetty.<\/p>\n<p><strong>Horde Trooper\u00a0<\/strong>&#8211;\u00a0<em>She-Ra &#8211; Princess of Power<\/em>\u00a0-animaatiosarjan jaksosta #27, &#8221;The Eldritch Mist&#8221;.<\/p>\n","protected":false},"excerpt":{"rendered":"<p>Kyn\u00e4piirros K\u00e4sinmaalattu animaatiokalvo Kuvankaappaus kohdasta, jossa animaatiokalvoa on k\u00e4ytetty. Horde Trooper\u00a0&#8211;\u00a0She-Ra &#8211; Princess of Power\u00a0-animaatiosarjan jaksosta #27, &#8221;The Eldritch Mist&#8221;.<\/p>\n","protected":false},"author":1,"featured_media":0,"parent":859,"menu_order":0,"comment_status":"open","ping_status":"open","template":"","meta":{"footnotes":""},"class_list":["post-1259","page","type-page","status-publish","hentry"],"_links":{"self":[{"href":"https:\/\/www.eurokolikonmaailma.fi\/index.php?rest_route=\/wp\/v2\/pages\/1259","targetHints":{"allow":["GET"]}}],"collection":[{"href":"https:\/\/www.eurokolikonmaailma.fi\/index.php?rest_route=\/wp\/v2\/pages"}],"about":[{"href":"https:\/\/www.eurokolikonmaailma.fi\/index.php?rest_route=\/wp\/v2\/types\/page"}],"author":[{"embeddable":true,"href":"https:\/\/www.eurokolikonmaailma.fi\/index.php?rest_route=\/wp\/v2\/users\/1"}],"replies":[{"embeddable":true,"href":"https:\/\/www.eurokolikonmaailma.fi\/index.php?rest_route=%2Fwp%2Fv2%2Fcomments&post=1259"}],"version-history":[{"count":2,"href":"https:\/\/www.eurokolikonmaailma.fi\/index.php?rest_route=\/wp\/v2\/pages\/1259\/revisions"}],"predecessor-version":[{"id":1262,"href":"https:\/\/www.eurokolikonmaailma.fi\/index.php?rest_route=\/wp\/v2\/pages\/1259\/revisions\/1262"}],"up":[{"embeddable":true,"href":"https:\/\/www.eurokolikonmaailma.fi\/index.php?rest_route=\/wp\/v2\/pages\/859"}],"wp:attachment":[{"href":"https:\/\/www.eurokolikonmaailma.fi\/index.php?rest_route=%2Fwp%2Fv2%2Fmedia&parent=1259"}],"curies":[{"name":"wp","href":"https:\/\/api.w.org\/{rel}","templated":true}]}}