{"id":1255,"date":"2012-01-24T20:12:32","date_gmt":"2012-01-24T18:12:32","guid":{"rendered":"http:\/\/www.eurokolikonmaailma.fi\/blogi\/?page_id=1255"},"modified":"2012-01-24T20:12:32","modified_gmt":"2012-01-24T18:12:32","slug":"prinssi-adam-ja-teela-stk3021","status":"publish","type":"page","link":"https:\/\/www.eurokolikonmaailma.fi\/?page_id=1255","title":{"rendered":"Prinssi Adam ja Teela, STK3021"},"content":{"rendered":"<p><a href=\"http:\/\/motu.eurokolikonmaailma.fi\/kuvat\/cels\/adam_cel2_mid.jpg\" target=\"_blank\"><img loading=\"lazy\" decoding=\"async\" style=\"border-image: initial; border-width: 1px; border-color: black; border-style: solid;\" title=\"Prinssi Adam, k\u00e4sinmaalattu animaatiokalvo\" src=\"http:\/\/motu.eurokolikonmaailma.fi\/kuvat\/cels\/adam_cel2_mid.jpg\" alt=\"\" width=\"630\" height=\"523\" \/><\/a><br \/>\nK\u00e4sinmaalattu animaatiokalvo 1<\/p>\n<p><a href=\"http:\/\/motu.eurokolikonmaailma.fi\/kuvat\/cels\/teela_cel2_mid.jpg\" target=\"_blank\"><img loading=\"lazy\" decoding=\"async\" style=\"border-image: initial; border-width: 1px; border-color: black; border-style: solid;\" title=\"Teela, k\u00e4sinmaalattu animaatiokalvo\" src=\"http:\/\/motu.eurokolikonmaailma.fi\/kuvat\/cels\/teela_cel2_mid.jpg\" alt=\"\" width=\"630\" height=\"531\" \/><\/a><br \/>\nK\u00e4sinmaalattu animaatiokalvo 2<\/p>\n<p><a href=\"http:\/\/motu.eurokolikonmaailma.fi\/kuvat\/cels\/adam_teela_practice_mid.jpg\" target=\"_blank\"><img loading=\"lazy\" decoding=\"async\" style=\"border-image: initial; border-width: 1px; border-color: black; border-style: solid;\" title=\"Prinssi Adam ja Teela animaatiokalvot yhdistettyin\u00e4\" src=\"http:\/\/motu.eurokolikonmaailma.fi\/kuvat\/cels\/adam_teela_practice_mid.jpg\" alt=\"\" width=\"630\" height=\"531\" \/><\/a><br \/>\nKalvot yhdess\u00e4, sill\u00e4 ne kuuluvat samaan kohtaukseen.<\/p>\n<p><strong>Prinssi Adam ja Teela<\/strong>\u00a0&#8211; N\u00e4it\u00e4 kalvoja ei ole ilmeisesti k\u00e4ytetty ollenkaan\u00a0<em>He-Man and the Masters of the Universe\u00a0<\/em>animaatiosarjassa, eik\u00e4 t\u00e4t\u00e4 kohtausta siis sarjasta l\u00f6ydy.<\/p>\n","protected":false},"excerpt":{"rendered":"<p>K\u00e4sinmaalattu animaatiokalvo 1 K\u00e4sinmaalattu animaatiokalvo 2 Kalvot yhdess\u00e4, sill\u00e4 ne kuuluvat samaan kohtaukseen. Prinssi Adam ja Teela\u00a0&#8211; N\u00e4it\u00e4 kalvoja ei ole ilmeisesti k\u00e4ytetty ollenkaan\u00a0He-Man and the Masters of the Universe\u00a0animaatiosarjassa, eik\u00e4 t\u00e4t\u00e4 kohtausta siis sarjasta l\u00f6ydy.<\/p>\n","protected":false},"author":1,"featured_media":0,"parent":861,"menu_order":0,"comment_status":"open","ping_status":"open","template":"","meta":{"footnotes":""},"class_list":["post-1255","page","type-page","status-publish","hentry"],"_links":{"self":[{"href":"https:\/\/www.eurokolikonmaailma.fi\/index.php?rest_route=\/wp\/v2\/pages\/1255","targetHints":{"allow":["GET"]}}],"collection":[{"href":"https:\/\/www.eurokolikonmaailma.fi\/index.php?rest_route=\/wp\/v2\/pages"}],"about":[{"href":"https:\/\/www.eurokolikonmaailma.fi\/index.php?rest_route=\/wp\/v2\/types\/page"}],"author":[{"embeddable":true,"href":"https:\/\/www.eurokolikonmaailma.fi\/index.php?rest_route=\/wp\/v2\/users\/1"}],"replies":[{"embeddable":true,"href":"https:\/\/www.eurokolikonmaailma.fi\/index.php?rest_route=%2Fwp%2Fv2%2Fcomments&post=1255"}],"version-history":[{"count":2,"href":"https:\/\/www.eurokolikonmaailma.fi\/index.php?rest_route=\/wp\/v2\/pages\/1255\/revisions"}],"predecessor-version":[{"id":1258,"href":"https:\/\/www.eurokolikonmaailma.fi\/index.php?rest_route=\/wp\/v2\/pages\/1255\/revisions\/1258"}],"up":[{"embeddable":true,"href":"https:\/\/www.eurokolikonmaailma.fi\/index.php?rest_route=\/wp\/v2\/pages\/861"}],"wp:attachment":[{"href":"https:\/\/www.eurokolikonmaailma.fi\/index.php?rest_route=%2Fwp%2Fv2%2Fmedia&parent=1255"}],"curies":[{"name":"wp","href":"https:\/\/api.w.org\/{rel}","templated":true}]}}