{"id":1249,"date":"2012-01-24T20:05:18","date_gmt":"2012-01-24T18:05:18","guid":{"rendered":"http:\/\/www.eurokolikonmaailma.fi\/blogi\/?page_id=1249"},"modified":"2012-01-24T20:05:18","modified_gmt":"2012-01-24T18:05:18","slug":"evil-lyn-mu075","status":"publish","type":"page","link":"https:\/\/www.eurokolikonmaailma.fi\/?page_id=1249","title":{"rendered":"Evil-Lyn, MU075"},"content":{"rendered":"<p><a href=\"http:\/\/motu.eurokolikonmaailma.fi\/kuvat\/cels\/evillyn_lineart_mid.jpg\" target=\"_blank\"><img loading=\"lazy\" decoding=\"async\" style=\"border-image: initial; border-width: 1px; border-color: black; border-style: solid;\" title=\"Evil-Lyn, kyn\u00e4piirros\" src=\"http:\/\/motu.eurokolikonmaailma.fi\/kuvat\/cels\/evillyn_lineart_mid.jpg\" alt=\"\" width=\"630\" height=\"531\" \/><\/a><br \/>\nKyn\u00e4piirros<\/p>\n<p><a href=\"http:\/\/motu.eurokolikonmaailma.fi\/kuvat\/cels\/evillyn_cel_mid.jpg\" target=\"_blank\"><img loading=\"lazy\" decoding=\"async\" style=\"border-image: initial; border-width: 1px; border-color: black; border-style: solid;\" title=\"Evil-Lyn, k\u00e4sinmaalattu animaatiokalvo\" src=\"http:\/\/motu.eurokolikonmaailma.fi\/kuvat\/cels\/evillyn_cel_mid.jpg\" alt=\"\" width=\"630\" height=\"526\" \/><\/a><br \/>\nK\u00e4sinmaalattu animaatiokalvo<\/p>\n<p><a href=\"http:\/\/motu.eurokolikonmaailma.fi\/kuvat\/cels\/evillyn_cel_in_episode.jpg\" target=\"_blank\"><img loading=\"lazy\" decoding=\"async\" title=\"Evil-Lyn kalvo animaatiosarjassa\" src=\"http:\/\/motu.eurokolikonmaailma.fi\/kuvat\/cels\/evillyn_cel_in_episode.jpg\" alt=\"\" width=\"492\" height=\"370\" \/><\/a><br \/>\nKuvankaappaus kohdasta, jossa animaatiokalvoa on k\u00e4ytetty.<\/p>\n<p>Evil-Lyn\u00a0&#8211;\u00a0<em>He-Man and the Masters of the Universe<\/em>\u00a0-animaatiosarjan jaksosta #75, &#8221;To Save Skeletor&#8221;.<\/p>\n","protected":false},"excerpt":{"rendered":"<p>Kyn\u00e4piirros K\u00e4sinmaalattu animaatiokalvo Kuvankaappaus kohdasta, jossa animaatiokalvoa on k\u00e4ytetty. Evil-Lyn\u00a0&#8211;\u00a0He-Man and the Masters of the Universe\u00a0-animaatiosarjan jaksosta #75, &#8221;To Save Skeletor&#8221;.<\/p>\n","protected":false},"author":1,"featured_media":0,"parent":861,"menu_order":0,"comment_status":"open","ping_status":"open","template":"","meta":{"footnotes":""},"class_list":["post-1249","page","type-page","status-publish","hentry"],"_links":{"self":[{"href":"https:\/\/www.eurokolikonmaailma.fi\/index.php?rest_route=\/wp\/v2\/pages\/1249","targetHints":{"allow":["GET"]}}],"collection":[{"href":"https:\/\/www.eurokolikonmaailma.fi\/index.php?rest_route=\/wp\/v2\/pages"}],"about":[{"href":"https:\/\/www.eurokolikonmaailma.fi\/index.php?rest_route=\/wp\/v2\/types\/page"}],"author":[{"embeddable":true,"href":"https:\/\/www.eurokolikonmaailma.fi\/index.php?rest_route=\/wp\/v2\/users\/1"}],"replies":[{"embeddable":true,"href":"https:\/\/www.eurokolikonmaailma.fi\/index.php?rest_route=%2Fwp%2Fv2%2Fcomments&post=1249"}],"version-history":[{"count":2,"href":"https:\/\/www.eurokolikonmaailma.fi\/index.php?rest_route=\/wp\/v2\/pages\/1249\/revisions"}],"predecessor-version":[{"id":1253,"href":"https:\/\/www.eurokolikonmaailma.fi\/index.php?rest_route=\/wp\/v2\/pages\/1249\/revisions\/1253"}],"up":[{"embeddable":true,"href":"https:\/\/www.eurokolikonmaailma.fi\/index.php?rest_route=\/wp\/v2\/pages\/861"}],"wp:attachment":[{"href":"https:\/\/www.eurokolikonmaailma.fi\/index.php?rest_route=%2Fwp%2Fv2%2Fmedia&parent=1249"}],"curies":[{"name":"wp","href":"https:\/\/api.w.org\/{rel}","templated":true}]}}