{"id":1246,"date":"2012-01-24T20:02:21","date_gmt":"2012-01-24T18:02:21","guid":{"rendered":"http:\/\/www.eurokolikonmaailma.fi\/blogi\/?page_id=1246"},"modified":"2012-01-24T20:02:21","modified_gmt":"2012-01-24T18:02:21","slug":"mer-man-ja-whiplash-mu074","status":"publish","type":"page","link":"https:\/\/www.eurokolikonmaailma.fi\/?page_id=1246","title":{"rendered":"Mer-Man ja Whiplash, MU074"},"content":{"rendered":"<p><a href=\"http:\/\/motu.eurokolikonmaailma.fi\/kuvat\/cels\/merman_whiplash_sketch.jpg\" target=\"_blank\"><img loading=\"lazy\" decoding=\"async\" style=\"border-image: initial; border-width: 1px; border-color: black; border-style: solid;\" title=\"Mer-Man ja Whiplash, kyn\u00e4piirros\" src=\"http:\/\/motu.eurokolikonmaailma.fi\/kuvat\/cels\/merman_whiplash_sketch.jpg\" alt=\"\" width=\"630\" height=\"526\" \/><\/a><br \/>\nKyn\u00e4piirros<\/p>\n<p><a href=\"http:\/\/motu.eurokolikonmaailma.fi\/kuvat\/cels\/merman_whiplash_cel.jpg\" target=\"_blank\"><img loading=\"lazy\" decoding=\"async\" style=\"border-image: initial; border-width: 1px; border-color: black; border-style: solid;\" title=\"Mer-Man ja Whiplash, k\u00e4sinmaalattu animaatiokalvo\" src=\"http:\/\/motu.eurokolikonmaailma.fi\/kuvat\/cels\/merman_whiplash_cel.jpg\" alt=\"\" width=\"630\" height=\"526\" \/><\/a><br \/>\nK\u00e4sinmaalattu animaatiokalvo<\/p>\n<p><a href=\"http:\/\/motu.eurokolikonmaailma.fi\/kuvat\/cels\/merman_whiplash_cel_in_episode.jpg\" target=\"_blank\"><img loading=\"lazy\" decoding=\"async\" title=\"Mer-Man ja Whiplash kalvo animaatiosarjassa\" src=\"http:\/\/motu.eurokolikonmaailma.fi\/kuvat\/cels\/merman_whiplash_cel_in_episode.jpg\" alt=\"\" width=\"492\" height=\"369\" \/><\/a><br \/>\nKuvankaappaus kohdasta, jossa animaatiokalvoa on k\u00e4ytetty.<\/p>\n<p><strong>Mer-Man ja Whiplash\u00a0<\/strong>&#8211;\u00a0<em>He-Man and the Masters of the Universe<\/em>\u00a0-animaatiosarjan jaksosta #74, &#8221;Island of Fear&#8221;.<\/p>\n","protected":false},"excerpt":{"rendered":"<p>Kyn\u00e4piirros K\u00e4sinmaalattu animaatiokalvo Kuvankaappaus kohdasta, jossa animaatiokalvoa on k\u00e4ytetty. Mer-Man ja Whiplash\u00a0&#8211;\u00a0He-Man and the Masters of the Universe\u00a0-animaatiosarjan jaksosta #74, &#8221;Island of Fear&#8221;.<\/p>\n","protected":false},"author":1,"featured_media":0,"parent":861,"menu_order":0,"comment_status":"open","ping_status":"open","template":"","meta":{"footnotes":""},"class_list":["post-1246","page","type-page","status-publish","hentry"],"_links":{"self":[{"href":"https:\/\/www.eurokolikonmaailma.fi\/index.php?rest_route=\/wp\/v2\/pages\/1246","targetHints":{"allow":["GET"]}}],"collection":[{"href":"https:\/\/www.eurokolikonmaailma.fi\/index.php?rest_route=\/wp\/v2\/pages"}],"about":[{"href":"https:\/\/www.eurokolikonmaailma.fi\/index.php?rest_route=\/wp\/v2\/types\/page"}],"author":[{"embeddable":true,"href":"https:\/\/www.eurokolikonmaailma.fi\/index.php?rest_route=\/wp\/v2\/users\/1"}],"replies":[{"embeddable":true,"href":"https:\/\/www.eurokolikonmaailma.fi\/index.php?rest_route=%2Fwp%2Fv2%2Fcomments&post=1246"}],"version-history":[{"count":2,"href":"https:\/\/www.eurokolikonmaailma.fi\/index.php?rest_route=\/wp\/v2\/pages\/1246\/revisions"}],"predecessor-version":[{"id":1250,"href":"https:\/\/www.eurokolikonmaailma.fi\/index.php?rest_route=\/wp\/v2\/pages\/1246\/revisions\/1250"}],"up":[{"embeddable":true,"href":"https:\/\/www.eurokolikonmaailma.fi\/index.php?rest_route=\/wp\/v2\/pages\/861"}],"wp:attachment":[{"href":"https:\/\/www.eurokolikonmaailma.fi\/index.php?rest_route=%2Fwp%2Fv2%2Fmedia&parent=1246"}],"curies":[{"name":"wp","href":"https:\/\/api.w.org\/{rel}","templated":true}]}}