{"id":1240,"date":"2012-01-24T19:55:10","date_gmt":"2012-01-24T17:55:10","guid":{"rendered":"http:\/\/www.eurokolikonmaailma.fi\/blogi\/?page_id=1240"},"modified":"2012-01-24T19:55:10","modified_gmt":"2012-01-24T17:55:10","slug":"garth-mu055","status":"publish","type":"page","link":"https:\/\/www.eurokolikonmaailma.fi\/?page_id=1240","title":{"rendered":"Garth, MU055"},"content":{"rendered":"<p><a href=\"http:\/\/motu.eurokolikonmaailma.fi\/kuvat\/cels\/garth_lineart.jpg\" target=\"_blank\"><img loading=\"lazy\" decoding=\"async\" style=\"border-image: initial; border-width: 1px; border-color: black; border-style: solid;\" title=\"Garth, kyn\u00e4piirros\" src=\"http:\/\/motu.eurokolikonmaailma.fi\/kuvat\/cels\/garth_lineart.jpg\" alt=\"\" width=\"630\" height=\"532\" \/><\/a><br \/>\nKyn\u00e4piirros<\/p>\n<p><a href=\"http:\/\/motu.eurokolikonmaailma.fi\/kuvat\/cels\/garth_cel_good.jpg\" target=\"_blank\"><img loading=\"lazy\" decoding=\"async\" style=\"border-image: initial; border-width: 1px; border-color: black; border-style: solid;\" title=\"Garth, k\u00e4sinmaalattu animaatiokalvo\" src=\"http:\/\/motu.eurokolikonmaailma.fi\/kuvat\/cels\/garth_cel_good.jpg\" alt=\"\" width=\"630\" height=\"585\" \/><\/a><br \/>\nK\u00e4sinmaalattu animaatiokalvo<\/p>\n<p><a href=\"http:\/\/motu.eurokolikonmaailma.fi\/kuvat\/cels\/garth_cel_in_episode.jpg\" target=\"_blank\"><img loading=\"lazy\" decoding=\"async\" title=\"Garth kalvo animaatiosarjanjaksossa\" src=\"http:\/\/motu.eurokolikonmaailma.fi\/kuvat\/cels\/garth_cel_in_episode.jpg\" alt=\"\" width=\"496\" height=\"368\" \/><\/a><br \/>\nKuvankaappaus kohdasta, jossa animaatiokalvoa on k\u00e4ytetty.<\/p>\n<p><strong>Garth<\/strong>\u00a0&#8211;\u00a0<em>He-Man and the Masters of the Universe<\/em>\u00a0-animaatiosarjan jaksosta #55, &#8221;Eye of the Beholder&#8221;.<\/p>\n","protected":false},"excerpt":{"rendered":"<p>Kyn\u00e4piirros K\u00e4sinmaalattu animaatiokalvo Kuvankaappaus kohdasta, jossa animaatiokalvoa on k\u00e4ytetty. Garth\u00a0&#8211;\u00a0He-Man and the Masters of the Universe\u00a0-animaatiosarjan jaksosta #55, &#8221;Eye of the Beholder&#8221;.<\/p>\n","protected":false},"author":1,"featured_media":0,"parent":861,"menu_order":0,"comment_status":"open","ping_status":"open","template":"","meta":{"footnotes":""},"class_list":["post-1240","page","type-page","status-publish","hentry"],"_links":{"self":[{"href":"https:\/\/www.eurokolikonmaailma.fi\/index.php?rest_route=\/wp\/v2\/pages\/1240","targetHints":{"allow":["GET"]}}],"collection":[{"href":"https:\/\/www.eurokolikonmaailma.fi\/index.php?rest_route=\/wp\/v2\/pages"}],"about":[{"href":"https:\/\/www.eurokolikonmaailma.fi\/index.php?rest_route=\/wp\/v2\/types\/page"}],"author":[{"embeddable":true,"href":"https:\/\/www.eurokolikonmaailma.fi\/index.php?rest_route=\/wp\/v2\/users\/1"}],"replies":[{"embeddable":true,"href":"https:\/\/www.eurokolikonmaailma.fi\/index.php?rest_route=%2Fwp%2Fv2%2Fcomments&post=1240"}],"version-history":[{"count":2,"href":"https:\/\/www.eurokolikonmaailma.fi\/index.php?rest_route=\/wp\/v2\/pages\/1240\/revisions"}],"predecessor-version":[{"id":1244,"href":"https:\/\/www.eurokolikonmaailma.fi\/index.php?rest_route=\/wp\/v2\/pages\/1240\/revisions\/1244"}],"up":[{"embeddable":true,"href":"https:\/\/www.eurokolikonmaailma.fi\/index.php?rest_route=\/wp\/v2\/pages\/861"}],"wp:attachment":[{"href":"https:\/\/www.eurokolikonmaailma.fi\/index.php?rest_route=%2Fwp%2Fv2%2Fmedia&parent=1240"}],"curies":[{"name":"wp","href":"https:\/\/api.w.org\/{rel}","templated":true}]}}