{"id":1237,"date":"2012-01-24T19:52:05","date_gmt":"2012-01-24T17:52:05","guid":{"rendered":"http:\/\/www.eurokolikonmaailma.fi\/blogi\/?page_id=1237"},"modified":"2012-01-24T19:52:05","modified_gmt":"2012-01-24T17:52:05","slug":"asemies-ja-orko-mu045","status":"publish","type":"page","link":"https:\/\/www.eurokolikonmaailma.fi\/?page_id=1237","title":{"rendered":"Asemies ja Orko, MU045"},"content":{"rendered":"<p><a href=\"http:\/\/motu.eurokolikonmaailma.fi\/kuvat\/cels\/maa_orko_lineart.jpg\" target=\"_blank\"><img loading=\"lazy\" decoding=\"async\" style=\"border-image: initial; border-width: 1px; border-color: black; border-style: solid;\" title=\"Asemies ja Orko, kyn\u00e4piirros\" src=\"http:\/\/motu.eurokolikonmaailma.fi\/kuvat\/cels\/maa_orko_lineart.jpg\" alt=\"\" width=\"630\" height=\"533\" \/><\/a><br \/>\nKyn\u00e4piirros<\/p>\n<p><a href=\"http:\/\/motu.eurokolikonmaailma.fi\/kuvat\/cels\/maa_orko_cel_good.jpg\" target=\"_blank\"><img loading=\"lazy\" decoding=\"async\" style=\"border-image: initial; border-width: 1px; border-color: black; border-style: solid;\" title=\"Asemies ja Orko, k\u00e4sinmaalattu animaatiokalvo\" src=\"http:\/\/motu.eurokolikonmaailma.fi\/kuvat\/cels\/maa_orko_cel_good.jpg\" alt=\"\" width=\"630\" height=\"553\" \/><\/a><br \/>\nK\u00e4sinmaalattu animaatiokalvo<\/p>\n<p><a href=\"http:\/\/motu.eurokolikonmaailma.fi\/kuvat\/cels\/orko_maa_cel_in_episode.jpg\" target=\"_blank\"><img loading=\"lazy\" decoding=\"async\" title=\"asemies ja Orko kalvo animaatiosarjassa k\u00e4ytettyn\u00e4\" src=\"http:\/\/motu.eurokolikonmaailma.fi\/kuvat\/cels\/orko_maa_cel_in_episode.jpg\" alt=\"\" width=\"493\" height=\"369\" \/><\/a><br \/>\nKuvankaappaus kohdasta, jossa animaatiokalvoa on k\u00e4ytetty.<\/p>\n<p><strong>Asemies ja Orko\u00a0<\/strong>&#8211;\u00a0<em>He-Man and the Masters of the Universe<\/em>\u00a0-animaatiosarjan jaksosta #45, &#8221;Orko&#8217;s Missing Magic&#8221;.<\/p>\n","protected":false},"excerpt":{"rendered":"<p>Kyn\u00e4piirros K\u00e4sinmaalattu animaatiokalvo Kuvankaappaus kohdasta, jossa animaatiokalvoa on k\u00e4ytetty. Asemies ja Orko\u00a0&#8211;\u00a0He-Man and the Masters of the Universe\u00a0-animaatiosarjan jaksosta #45, &#8221;Orko&#8217;s Missing Magic&#8221;.<\/p>\n","protected":false},"author":1,"featured_media":0,"parent":861,"menu_order":0,"comment_status":"open","ping_status":"open","template":"","meta":{"footnotes":""},"class_list":["post-1237","page","type-page","status-publish","hentry"],"_links":{"self":[{"href":"https:\/\/www.eurokolikonmaailma.fi\/index.php?rest_route=\/wp\/v2\/pages\/1237","targetHints":{"allow":["GET"]}}],"collection":[{"href":"https:\/\/www.eurokolikonmaailma.fi\/index.php?rest_route=\/wp\/v2\/pages"}],"about":[{"href":"https:\/\/www.eurokolikonmaailma.fi\/index.php?rest_route=\/wp\/v2\/types\/page"}],"author":[{"embeddable":true,"href":"https:\/\/www.eurokolikonmaailma.fi\/index.php?rest_route=\/wp\/v2\/users\/1"}],"replies":[{"embeddable":true,"href":"https:\/\/www.eurokolikonmaailma.fi\/index.php?rest_route=%2Fwp%2Fv2%2Fcomments&post=1237"}],"version-history":[{"count":3,"href":"https:\/\/www.eurokolikonmaailma.fi\/index.php?rest_route=\/wp\/v2\/pages\/1237\/revisions"}],"predecessor-version":[{"id":4672,"href":"https:\/\/www.eurokolikonmaailma.fi\/index.php?rest_route=\/wp\/v2\/pages\/1237\/revisions\/4672"}],"up":[{"embeddable":true,"href":"https:\/\/www.eurokolikonmaailma.fi\/index.php?rest_route=\/wp\/v2\/pages\/861"}],"wp:attachment":[{"href":"https:\/\/www.eurokolikonmaailma.fi\/index.php?rest_route=%2Fwp%2Fv2%2Fmedia&parent=1237"}],"curies":[{"name":"wp","href":"https:\/\/api.w.org\/{rel}","templated":true}]}}