{"id":1197,"date":"2012-01-20T12:49:05","date_gmt":"2012-01-20T10:49:05","guid":{"rendered":"http:\/\/www.eurokolikonmaailma.fi\/blogi\/?page_id=1197"},"modified":"2023-08-04T23:48:34","modified_gmt":"2023-08-04T20:48:34","slug":"vhs-he-man-ja-orkon-sedan-paluu","status":"publish","type":"page","link":"https:\/\/www.eurokolikonmaailma.fi\/?page_id=1197","title":{"rendered":"VHS: He-Man ja Orkon sed\u00e4n paluu"},"content":{"rendered":"<p><img loading=\"lazy\" decoding=\"async\" src=\"http:\/\/motu.eurokolikonmaailma.fi\/kuvat\/video\/hmatmotu_logo.jpg\" alt=\"\" width=\"76\" height=\"47\" \/><img loading=\"lazy\" decoding=\"async\" src=\"http:\/\/motu.eurokolikonmaailma.fi\/kuvat\/video\/vhs_logo.jpg\" alt=\"\" width=\"91\" height=\"46\" \/>\u00a0<img loading=\"lazy\" decoding=\"async\" src=\"http:\/\/motu.eurokolikonmaailma.fi\/kuvat\/video\/sallittu.jpg\" alt=\"\" width=\"56\" height=\"44\" \/><\/p>\n<h1>He-Man and the Masters of the Universe ja Orkon sed\u00e4n paluu<\/h1>\n<p><a href=\"http:\/\/motu.eurokolikonmaailma.fi\/kuvat\/video\/hmosp_takakansi.jpg\" target=\"_blank\" rel=\"noopener\"><img loading=\"lazy\" decoding=\"async\" src=\"http:\/\/motu.eurokolikonmaailma.fi\/kuvat\/video\/hmosp_takakansi.jpg\" alt=\"\" width=\"212\" height=\"351\" \/><\/a><a href=\"http:\/\/motu.eurokolikonmaailma.fi\/kuvat\/video\/hmosp_spine.jpg\" target=\"_blank\" rel=\"noopener\"><img loading=\"lazy\" decoding=\"async\" src=\"http:\/\/motu.eurokolikonmaailma.fi\/kuvat\/video\/hmosp_spine.jpg\" alt=\"\" width=\"54\" height=\"351\" \/><\/a><a href=\"http:\/\/motu.eurokolikonmaailma.fi\/kuvat\/video\/hmosp_kansi.jpg\" target=\"_blank\" rel=\"noopener\"><img loading=\"lazy\" decoding=\"async\" src=\"http:\/\/motu.eurokolikonmaailma.fi\/kuvat\/video\/hmosp_kansi.jpg\" alt=\"\" width=\"208\" height=\"351\" \/><\/a><\/p>\n<blockquote><p>He-Man, Universumin voimakkain mies, uhmaa j\u00e4lleen vaaroja taistelussa Skeletoria ja Evil-Lyni\u00e4 vastaan kolmessa uudessa j\u00e4nnitt\u00e4v\u00e4ss\u00e4 jaksossa.<\/p>\n<p><strong>Takaa-ajo <\/strong>(Quest for He-Man)<strong>:<\/strong> Skeletor saa He-Manin menett\u00e4m\u00e4\u00e4n muistinsa ja heitt\u00e4\u00e4 t\u00e4m\u00e4n kaukaiselle muukalaisplaneetalle!<\/p>\n<p><strong>Kuninkaan serkku <\/strong>(The Royal Cousin)<strong>:<\/strong> Prinssi Adamin hemmoteltu nuori serkku auttaa Evil-Lyni\u00e4 pehmitt\u00e4m\u00e4\u00e4n P\u00e4\u00e4kallolinnan muurit, jotta se voitaisiin helpommin valloittaa&#8230;<\/p>\n<p><strong>Orkon sed\u00e4n paluu <\/strong>(The Return of Orko&#8217;s Uncle)<strong>:<\/strong> Vaarallinen rikollinen pakenee Trollalta Eterniaan kintereill\u00e4\u00e4n Orkon set\u00e4 Montork!<\/p><\/blockquote>\n<h2>Tiedot:<\/h2>\n<p>* Kesto: 65 minuuttia<\/p>\n<p>* Ik\u00e4raja: sallittu (S\/T) &#8211; I-01388<br \/>\n&#8211; sopii yleisesti kaikenik\u00e4isille<br \/>\n* Valmistumisvuosi: 1983 (VHS 1993)<br \/>\n*\u00a0\u00c4\u00e4ni: mono<br \/>\n* \u00c4\u00e4ni: Suomenkielinen puhe<br \/>\n* Dubbaus_ Golden Voice Oy<br \/>\n* Kuvakoko: 4:3<br \/>\n*\u00a01 VHS<br \/>\n* Julkaisija: Castle Video<\/p>\n","protected":false},"excerpt":{"rendered":"<p>\u00a0 He-Man and the Masters of the Universe ja Orkon sed\u00e4n paluu He-Man, Universumin voimakkain mies, uhmaa j\u00e4lleen vaaroja taistelussa Skeletoria ja Evil-Lyni\u00e4 vastaan kolmessa uudessa j\u00e4nnitt\u00e4v\u00e4ss\u00e4 jaksossa. Takaa-ajo (Quest for He-Man): Skeletor saa He-Manin menett\u00e4m\u00e4\u00e4n muistinsa ja heitt\u00e4\u00e4 t\u00e4m\u00e4n &hellip; <a href=\"https:\/\/www.eurokolikonmaailma.fi\/?page_id=1197\">Lue loppuun <span class=\"meta-nav\">&rarr;<\/span><\/a><\/p>\n","protected":false},"author":1,"featured_media":0,"parent":962,"menu_order":0,"comment_status":"open","ping_status":"open","template":"","meta":{"footnotes":""},"class_list":["post-1197","page","type-page","status-publish","hentry"],"_links":{"self":[{"href":"https:\/\/www.eurokolikonmaailma.fi\/index.php?rest_route=\/wp\/v2\/pages\/1197","targetHints":{"allow":["GET"]}}],"collection":[{"href":"https:\/\/www.eurokolikonmaailma.fi\/index.php?rest_route=\/wp\/v2\/pages"}],"about":[{"href":"https:\/\/www.eurokolikonmaailma.fi\/index.php?rest_route=\/wp\/v2\/types\/page"}],"author":[{"embeddable":true,"href":"https:\/\/www.eurokolikonmaailma.fi\/index.php?rest_route=\/wp\/v2\/users\/1"}],"replies":[{"embeddable":true,"href":"https:\/\/www.eurokolikonmaailma.fi\/index.php?rest_route=%2Fwp%2Fv2%2Fcomments&post=1197"}],"version-history":[{"count":3,"href":"https:\/\/www.eurokolikonmaailma.fi\/index.php?rest_route=\/wp\/v2\/pages\/1197\/revisions"}],"predecessor-version":[{"id":5184,"href":"https:\/\/www.eurokolikonmaailma.fi\/index.php?rest_route=\/wp\/v2\/pages\/1197\/revisions\/5184"}],"up":[{"embeddable":true,"href":"https:\/\/www.eurokolikonmaailma.fi\/index.php?rest_route=\/wp\/v2\/pages\/962"}],"wp:attachment":[{"href":"https:\/\/www.eurokolikonmaailma.fi\/index.php?rest_route=%2Fwp%2Fv2%2Fmedia&parent=1197"}],"curies":[{"name":"wp","href":"https:\/\/api.w.org\/{rel}","templated":true}]}}