{"id":1151,"date":"2012-01-14T19:17:02","date_gmt":"2012-01-14T17:17:02","guid":{"rendered":"http:\/\/www.eurokolikonmaailma.fi\/blogi\/?page_id=1151"},"modified":"2026-03-11T22:28:37","modified_gmt":"2026-03-11T20:28:37","slug":"ei-suomi","status":"publish","type":"page","link":"https:\/\/www.eurokolikonmaailma.fi\/?page_id=1151","title":{"rendered":"Ei-Suomi"},"content":{"rendered":"<p>T\u00e4ll\u00e4 sivulla on koottuna Masters of the Universe -sarjakuvat, jotka itselt\u00e4ni l\u00f6ytyy kokoelmastani joko fyysisen\u00e4 tai digijulkaisuna.<\/p>\n<p>Ensimm\u00e4iset normaalikokoiset Masters of the Universe -sarjakuvalehdet olivat DC COmics yhti\u00f6n julkaisemia 1980-luvun alussa. DC julkaisi yhteens\u00e4 4 lehte\u00e4, sek\u00e4 yhden esikatselulehdyk\u00e4n vuosina 1982-83.<\/p>\n<p>DC:n ensimm\u00e4inen julkaisema He-Man tarina tapahtui DC Comics Presents #47:ss\u00e4. Loput kolme DC:n MOTU-sarjakuvalehte\u00e4 muodostavat yhdess\u00e4 yhden kokonaisen tarinan ja puhutaankin DC:n minisarjasta. Minisarja on julkaistu my\u00f6s suomeksi.<\/p>\n<ul>\n<li><a href=\"https:\/\/www.eurokolikonmaailma.fi\/?page_id=4991\">DC Comics (1982-83)<\/a><\/li>\n<\/ul>\n<p>My\u00f6hemmin 1980-luvun loppupuolella (1986-88), Masters of the Universe -sarjakuvien julkaisuoikeudet sai Marvel, joka alkoi julkaisemaan MOTU-sarjakuvia Star Comics -nimikkeens\u00e4 alla. Star Comics -nimikkeell\u00e4 MOTU-sarjakuvalehti\u00e4 julkaistiin 13 numeroa + elokuvaspesiaali. Star Comics numeroista, kaikki muut paitsi viimeinen eli numero 13 on julkaistu suomeksi.<\/p>\n<p>*<a href=\"https:\/\/www.eurokolikonmaailma.fi\/?page_id=4993\">Marvel Star Comics (1986-88)<\/a><\/p>\n<p>2000-luvun alussa julkaistiin useita numeroita MOTU-sarjakuvalehti\u00e4\u00a0uuteen animaatiosarjaan liittyen. Icons of Evil on nelj\u00e4n vuonna 2003 sarjakuvalehden kokonaisuus, jossa jokaisessa tarkastellaan yhden pahuuden soturin alkuvaiheita.<\/p>\n<p>* <a href=\"https:\/\/www.eurokolikonmaailma.fi\/?page_id=4996\">MV Creations: Icons of Evil (2003)<\/a><\/p>\n<p>DC Comics julkaisi Masters of the Universe -sarjakuvia vuosina 2012-2016. Lehtien julkaisu alkoi kes\u00e4ll\u00e4 2012 digijulkaisulla ja syyskauden 2012 aikana julkaistiin digisarjaa (8 numeroa) sek\u00e4 ensimm\u00e4inen 6-osainen minisarja.<\/p>\n<p>kev\u00e4\u00e4ll\u00e4 2013 alkoi ongoing -sarja, joka jatkoi tarinaa siit\u00e4 mihin minisarja p\u00e4\u00e4ttyi. Syyskauden 2013 aikana julkaistiin rinnan DCU vs. MOTU -sarjaa (sijoittuu ajallisesti ongoing #6 ja #7 v\u00e4liin), sek\u00e4 ongoing-sarjaa. Ongoing-sarja p\u00e4\u00e4ttyi numeroon #19 syyskaudella 2014 ja siit\u00e4 jatkoi sitten Eternity War -sarja, joka p\u00e4\u00e4tti sarjakuvien sarjan alkuvuonna 2016.<\/p>\n<p>Vuosien 2012 ja 2013 aikana julkaistiin my\u00f6s kolme origins-numeroa (Origin of Skeletor, Origin of He-Man ja Origin of Hordak). Tarinallisesti kaikki 2012-2016 numerot kuuluvat yhteen ja kertovat yhten\u00e4isen tarinan.<\/p>\n<p>* <a href=\"https:\/\/www.eurokolikonmaailma.fi\/?page_id=4998\">Masters of the Universe: Digital First (2012)<\/a><br \/>\n* <a href=\"https:\/\/www.eurokolikonmaailma.fi\/?page_id=5000\">He-Man and the Masters of the Universe Miniseries (2012-13)<\/a><br \/>\n* <a href=\"https:\/\/www.eurokolikonmaailma.fi\/?page_id=5002\">He-Man and the Masters of the Universe (2013-14)<\/a><br \/>\n* <a href=\"https:\/\/www.eurokolikonmaailma.fi\/?page_id=5006\">DC Universe vs. Masters of the Universe (2013)<\/a><br \/>\n* <a href=\"https:\/\/www.eurokolikonmaailma.fi\/?page_id=5008\">Masters of the Universe: Origins of Eternia (2012-13)<\/a><br \/>\n* <a href=\"https:\/\/www.eurokolikonmaailma.fi\/?page_id=5004\">He-Man: Eternity War (2014-16)<\/a><\/p>\n<p>Loppuvuonna 2016 alkoi DC Comicsin julkaisema kuusi osainen cross-over minisarja &#8211; He-Man \/ Thundercats. T\u00e4m\u00e4 sarja on oma tarinansa, eik\u00e4 ole suorassa yhteydess\u00e4 aiempien julkaisujen kanssa.<\/p>\n<p>* <a href=\"https:\/\/www.eurokolikonmaailma.fi\/?page_id=6065\">He-Man \/ Thundercats (2016-17)<\/a><\/p>\n<p>Kes\u00e4ll\u00e4 2018 alkoi DC Comicsin julkaisema kuusi osainen minisarja &#8211; Injustice vs. Masters of the Universe. T\u00e4m\u00e4 tarina tapahtuu DC Universen Injustice-maailmassa ja on jatkoa Thundercats cross-overille.<\/p>\n<p>* <a href=\"https:\/\/www.eurokolikonmaailma.fi\/?page_id=6068\">Injustice vs. Masters of the Universe (2018-19)<\/a><\/p>\n<p>Loppuvuonna 2019 alkoi DC Comicsin julkaisema kuusiosainen minisarja &#8211; He-Man and the Masters of the Multiverse. Nimens\u00e4 mukaisesti t\u00e4m\u00e4 tarina sijoittuu Masters of theUniverse -multiversumiin, mutta sen keski\u00f6ss\u00e4 on Anti-Eternia. T\u00e4m\u00e4 on toistaiseksi viimeinen DC Comicsin julkaisema Masters of the Universe -sarjakuvasarja.<\/p>\n<p>* <a href=\"https:\/\/www.eurokolikonmaailma.fi\/?page_id=6071\">He-Man and the Masters of the Multiverse (2019-20)<\/a><\/p>\n<p>Vuonna 2021 Masters of the Universe -sarjakuvien julkaisijaksi vaihtui Dark Horse Comics, joka on aiemmin julkaissut Masters of the Universe -minisarjakuvia sek\u00e4 Masters of the Universe -aiheisia tietokirjoja. Dark Horse alkoi julkaisemaan Masters of the Universe Revelation -Netflix-sarjaan liittyvi\u00e4 sarjakuvia sek\u00e4 erillisi\u00e4 minisarjoja.<\/p>\n<p><span style=\"text-decoration: underline;\">Masters of the Universe Revelation-universumiin sijoittuvat:<\/span><\/p>\n<p>* <a href=\"https:\/\/www.eurokolikonmaailma.fi\/?page_id=6078\">Masters of the Universe: Revelation (2021)<\/a><br \/>\n* <a href=\"https:\/\/www.eurokolikonmaailma.fi\/?page_id=6081\">Masters of the Universe: Masterverse (2023)<\/a><br \/>\n* <a href=\"https:\/\/www.eurokolikonmaailma.fi\/?page_id=6084\">Masters of the Universe: Forge of Destiny (2023)<\/a><br \/>\n* <a href=\"https:\/\/www.eurokolikonmaailma.fi\/?page_id=6087\">Masters of the Universe: Revolution (2024)<\/a><br \/>\n* <a href=\"https:\/\/www.eurokolikonmaailma.fi\/?page_id=6090\">Masters of the Universe: Andra (2025)<\/a><\/p>\n<p><span style=\"text-decoration: underline;\">Erilliset minisarjat:<\/span><\/p>\n<p>* <a href=\"https:\/\/www.eurokolikonmaailma.fi\/?page_id=6093\">Masters of the Universe \/ Teenage Mutant Ninja Turtles:\u00a0 Turtles of Grayskull (2024-25)<\/a><\/p>\n<p><span style=\"text-decoration: underline;\">Masters of the Universe ongoing series (2025-)<\/span><\/p>\n<p>Uusi jatkuva sarjakuvasarja alkoi syksyll\u00e4 2025.<\/p>\n<p>* <a href=\"https:\/\/www.eurokolikonmaailma.fi\/?page_id=6096\">Masters of the Universe: The Sword of Flaws (2025-2026)<\/a><br \/>\n* Masters of the Universe: The Battle of Snake Mountain (04\/26-)<\/p>\n<p><span style=\"text-decoration: underline;\">Masters of the Universe -elokuvamaailma (2026)<\/span><\/p>\n<p>* He-Man and the Masters of the Universe: The Wings of Fate (06\/26-)<\/p>\n","protected":false},"excerpt":{"rendered":"<p>T\u00e4ll\u00e4 sivulla on koottuna Masters of the Universe -sarjakuvat, jotka itselt\u00e4ni l\u00f6ytyy kokoelmastani joko fyysisen\u00e4 tai digijulkaisuna. Ensimm\u00e4iset normaalikokoiset Masters of the Universe -sarjakuvalehdet olivat DC COmics yhti\u00f6n julkaisemia 1980-luvun alussa. DC julkaisi yhteens\u00e4 4 lehte\u00e4, sek\u00e4 yhden esikatselulehdyk\u00e4n vuosina &hellip; <a href=\"https:\/\/www.eurokolikonmaailma.fi\/?page_id=1151\">Lue loppuun <span class=\"meta-nav\">&rarr;<\/span><\/a><\/p>\n","protected":false},"author":1,"featured_media":0,"parent":375,"menu_order":0,"comment_status":"open","ping_status":"open","template":"","meta":{"footnotes":""},"class_list":["post-1151","page","type-page","status-publish","hentry"],"_links":{"self":[{"href":"https:\/\/www.eurokolikonmaailma.fi\/index.php?rest_route=\/wp\/v2\/pages\/1151","targetHints":{"allow":["GET"]}}],"collection":[{"href":"https:\/\/www.eurokolikonmaailma.fi\/index.php?rest_route=\/wp\/v2\/pages"}],"about":[{"href":"https:\/\/www.eurokolikonmaailma.fi\/index.php?rest_route=\/wp\/v2\/types\/page"}],"author":[{"embeddable":true,"href":"https:\/\/www.eurokolikonmaailma.fi\/index.php?rest_route=\/wp\/v2\/users\/1"}],"replies":[{"embeddable":true,"href":"https:\/\/www.eurokolikonmaailma.fi\/index.php?rest_route=%2Fwp%2Fv2%2Fcomments&post=1151"}],"version-history":[{"count":32,"href":"https:\/\/www.eurokolikonmaailma.fi\/index.php?rest_route=\/wp\/v2\/pages\/1151\/revisions"}],"predecessor-version":[{"id":6119,"href":"https:\/\/www.eurokolikonmaailma.fi\/index.php?rest_route=\/wp\/v2\/pages\/1151\/revisions\/6119"}],"up":[{"embeddable":true,"href":"https:\/\/www.eurokolikonmaailma.fi\/index.php?rest_route=\/wp\/v2\/pages\/375"}],"wp:attachment":[{"href":"https:\/\/www.eurokolikonmaailma.fi\/index.php?rest_route=%2Fwp%2Fv2%2Fmedia&parent=1151"}],"curies":[{"name":"wp","href":"https:\/\/api.w.org\/{rel}","templated":true}]}}