{"id":1129,"date":"2011-12-29T13:28:19","date_gmt":"2011-12-29T11:28:19","guid":{"rendered":"http:\/\/www.eurokolikonmaailma.fi\/blogi\/?page_id=1129"},"modified":"2012-10-04T16:49:01","modified_gmt":"2012-10-04T13:49:01","slug":"the-unofficial-cartoon-guide-to-he-man-and-the-masters-of-the-universe","status":"publish","type":"page","link":"https:\/\/www.eurokolikonmaailma.fi\/?page_id=1129","title":{"rendered":"The Unofficial Cartoon Guide to He-Man and the Masters of the Universe"},"content":{"rendered":"<h1>The Unofficial Cartoon Guide to He-Man and the Masters of the Universe<br \/>\n&#8211; James Eatock, 2010<br \/>\n(1. painos \u00a315, 2. painos \u00a317)<\/h1>\n<p><a href=\"http:\/\/motu.eurokolikonmaailma.fi\/kuvat\/sarjis\/motu_guide.jpg\" target=\"_blank\"><img loading=\"lazy\" decoding=\"async\" title=\"He-Man guide kansi\" src=\"http:\/\/motu.eurokolikonmaailma.fi\/kuvat\/sarjis\/motu_guide.jpg\" alt=\"\" width=\"226\" height=\"350\" border=\"0\" \/><\/a>\u00a0 \u00a0 \u00a0<a href=\"http:\/\/motu.eurokolikonmaailma.fi\/kuvat\/sarjis\/motu_guide_back.jpg\" target=\"_blank\"><img loading=\"lazy\" decoding=\"async\" title=\"He-Man guide takakansi\" src=\"http:\/\/motu.eurokolikonmaailma.fi\/kuvat\/sarjis\/motu_guide_back.jpg\" alt=\"\" width=\"226\" height=\"350\" border=\"0\" \/><br \/>\n<\/a><\/p>\n<p>Kansi 1. painos<\/p>\n<p><a href=\"http:\/\/motu.eurokolikonmaailma.fi\/kuvat\/sarjis\/motu_guide2.jpg\" target=\"_blank\"><img loading=\"lazy\" decoding=\"async\" title=\"He-Man guide, 2. painos kansi\" src=\"http:\/\/motu.eurokolikonmaailma.fi\/kuvat\/sarjis\/motu_guide2.jpg\" alt=\"\" width=\"227\" height=\"350\" \/><br \/>\n<\/a><br \/>\nKansi 2. painos<\/p>\n<p>T\u00e4m\u00e4 kirja tuli myyntiin elokuun 2010 alkupuolella ja se myytiin loppuun (1000 kpl) 27.4.2011. Kirjan toinen painos ilmestyi syksyll\u00e4 2012 (syyskuun loppupuolella).<\/p>\n<p><a href=\"http:\/\/motu.eurokolikonmaailma.fi\/kuvat\/sarjis\/shera_sketch_blog.jpg\" target=\"_blank\"><img loading=\"lazy\" decoding=\"async\" src=\"http:\/\/motu.eurokolikonmaailma.fi\/kuvat\/sarjis\/shera_sketch_blog.jpg\" alt=\"James Eatockin piirt\u00e4m\u00e4 She-Ra luonnos\" width=\"664\" height=\"465\" border=\"1\" \/><\/a><\/p>\n<p>&#8211; Yll\u00e4 oleva kuva She-Rasta, tuli kirjan mukana ja se on itse kirjailijan, James Eatockin piirt\u00e4m\u00e4. James piirsi n\u00e4it\u00e4 kuvia (vapaavalintaisesta hahmosta) vain kolmellekymmenelle ensimm\u00e4iselle kirjan ennakkotilaajalle, joihin muun muassa itse lukeudun.<\/p>\n<p><a href=\"http:\/\/motu.eurokolikonmaailma.fi\/kuvat\/sarjis\/art_print_coloossor.jpg\" target=\"_blank\"><img loading=\"lazy\" decoding=\"async\" title=\"Kirjan 2. painoksen mukana tullut taidekuva\" src=\"http:\/\/motu.eurokolikonmaailma.fi\/kuvat\/sarjis\/art_print_coloossor.jpg\" alt=\"\" width=\"621\" height=\"435\" \/><\/a><\/p>\n<p>Jotta toinen painos kirjasta saatiin painoon, tarvittiin 200 ennakkotilausta kirjasta. Ennekkotilaajat saivat kirjan mukana Masters of the Universe -aiheisen taidekuvan. N\u00e4it\u00e4 kuvia oli nelj\u00e4 erilaista ja jokaista oli 50 kpl (kuvat numeroitu). Teht\u00e4ess\u00e4 ennakkotilaus, tilaaja sai valita mink\u00e4 kuvan h\u00e4n kirjan mukana haluaa (jos kaikki kopiot kuvasta eiv\u00e4t olleet loppu). T\u00e4m\u00e4 kuva on yksi nelj\u00e4st\u00e4 erilaisesta ja t\u00e4m\u00e4 oli oma valintani tilatessani kirjan (Oman kuvani numero oli 35\/50).<\/p>\n<h2><strong><span style=\"font-size: large;\">Takakannen teksti<\/span><\/strong><\/h2>\n<p><span style=\"font-size: medium;\"><strong>&#8221;This Is Eternia&#8230;&#8221;<\/strong><\/span><\/p>\n<p><em>He-Man and the Masters of the Universe\u00a0<\/em>debuted in the UK on September 5th 1983 and within weeks it had an audience of eight million viewers! In the months that followed the show became a worldwide success.<\/p>\n<p>At the height of its popularity the series was broadcast on one-hundred and sixty-six television stations across the USA alone. Not only that, but by January of 1985\u00a0<em>Masters of the Universe<\/em>\u00a0merchandise had sold in excess of one billion dollars!<\/p>\n<p>Filmation produced one-hundred and thirty episodes of\u00a0<em>He-Man and the Masters of the Universe<\/em>, and enjoyed further success with\u00a0<em>She-Ra, Princess of Power<\/em>. By 1986 Filmation had produced two-hundred and twenty-three episodes of He-Man and She-Ra, alongside two specials, a movie, and a Christmas-themed special!<\/p>\n<p><em>The unofficial cartoon guide to He-Man and the Masters of the Univers<\/em>e is written by James Eatock who has been an on-line presence in the He-Man and She-Ra community since its inception in late 1995.<\/p>\n<p>After co-creating one of the most popular He-Man and She-Ra websites of the mid-to-late nineties (The He-Man and She-Ra Episode Review Website) he has worked professionally for Mattel and numerous other companies on the\u00a0<em>Masters of the Universe<\/em>\u00a0brand.<\/p>\n<p><em>The unofficial cartoon guide to He-Man and the Masters of the Universe<\/em>\u00a0meticulously covers each and every episode of the series. Featuring 700+ PIECES OF TRIVIA, 460+ DELETED SCENES, 360+ EXAMPLES OF ANIMATION REUSE, 380+ QUOTES, 50+ ABANDONED EPISODES&#8230; AND A LOT MORE!<\/p>\n<p>This is the book that no fan of the series can be without!<\/p>\n","protected":false},"excerpt":{"rendered":"<p>The Unofficial Cartoon Guide to He-Man and the Masters of the Universe &#8211; James Eatock, 2010 (1. painos \u00a315, 2. painos \u00a317) \u00a0 \u00a0 \u00a0 Kansi 1. painos Kansi 2. painos T\u00e4m\u00e4 kirja tuli myyntiin elokuun 2010 alkupuolella ja se &hellip; <a href=\"https:\/\/www.eurokolikonmaailma.fi\/?page_id=1129\">Lue loppuun <span class=\"meta-nav\">&rarr;<\/span><\/a><\/p>\n","protected":false},"author":1,"featured_media":0,"parent":1493,"menu_order":0,"comment_status":"open","ping_status":"closed","template":"","meta":{"footnotes":""},"class_list":["post-1129","page","type-page","status-publish","hentry"],"_links":{"self":[{"href":"https:\/\/www.eurokolikonmaailma.fi\/index.php?rest_route=\/wp\/v2\/pages\/1129","targetHints":{"allow":["GET"]}}],"collection":[{"href":"https:\/\/www.eurokolikonmaailma.fi\/index.php?rest_route=\/wp\/v2\/pages"}],"about":[{"href":"https:\/\/www.eurokolikonmaailma.fi\/index.php?rest_route=\/wp\/v2\/types\/page"}],"author":[{"embeddable":true,"href":"https:\/\/www.eurokolikonmaailma.fi\/index.php?rest_route=\/wp\/v2\/users\/1"}],"replies":[{"embeddable":true,"href":"https:\/\/www.eurokolikonmaailma.fi\/index.php?rest_route=%2Fwp%2Fv2%2Fcomments&post=1129"}],"version-history":[{"count":5,"href":"https:\/\/www.eurokolikonmaailma.fi\/index.php?rest_route=\/wp\/v2\/pages\/1129\/revisions"}],"predecessor-version":[{"id":2608,"href":"https:\/\/www.eurokolikonmaailma.fi\/index.php?rest_route=\/wp\/v2\/pages\/1129\/revisions\/2608"}],"up":[{"embeddable":true,"href":"https:\/\/www.eurokolikonmaailma.fi\/index.php?rest_route=\/wp\/v2\/pages\/1493"}],"wp:attachment":[{"href":"https:\/\/www.eurokolikonmaailma.fi\/index.php?rest_route=%2Fwp%2Fv2%2Fmedia&parent=1129"}],"curies":[{"name":"wp","href":"https:\/\/api.w.org\/{rel}","templated":true}]}}