{"id":1096,"date":"2011-12-29T00:41:21","date_gmt":"2011-12-28T22:41:21","guid":{"rendered":"http:\/\/www.eurokolikonmaailma.fi\/blogi\/?page_id=1096"},"modified":"2012-03-25T16:44:45","modified_gmt":"2012-03-25T13:44:45","slug":"the-power-and-the-honor-foundation-catalog-volume-one","status":"publish","type":"page","link":"https:\/\/www.eurokolikonmaailma.fi\/?page_id=1096","title":{"rendered":"The Power and the Honor Foundation Catalog Volume One"},"content":{"rendered":"<h1>The Power and the Honor Foundation Catalog Volume One &#8211; The art of Masters of the Universe Toy Design &#8211; 2011 ($55)<\/h1>\n<p><a href=\"http:\/\/motu.eurokolikonmaailma.fi\/kuvat\/sarjis\/ph_catalog_front_small.jpg\" target=\"_blank\"><img loading=\"lazy\" decoding=\"async\" title=\"The Power and the Honor Foundation Katalogi #1 etukansi\" src=\"http:\/\/motu.eurokolikonmaailma.fi\/kuvat\/sarjis\/ph_catalog_front_small.jpg\" alt=\"\" width=\"288\" height=\"249\" \/><\/a>\u00a0 \u00a0 \u00a0<a href=\"http:\/\/motu.eurokolikonmaailma.fi\/kuvat\/sarjis\/ph_catalog1_back_small.jpg\" target=\"_blank\"><img loading=\"lazy\" decoding=\"async\" title=\"The Power and the Honor Foundation Katalogi #1 takakansi\" src=\"http:\/\/motu.eurokolikonmaailma.fi\/kuvat\/sarjis\/ph_catalog1_back_small.jpg\" alt=\"\" width=\"290\" height=\"249\" \/><\/a><\/p>\n<p><a href=\"http:\/\/motu.eurokolikonmaailma.fi\/kuvat\/sarjis\/ph_catalog1_angled.jpg\" target=\"_blank\"><img loading=\"lazy\" decoding=\"async\" title=\"The Power and the Honor Foundation Katalogi #1 viistosta\" src=\"http:\/\/motu.eurokolikonmaailma.fi\/kuvat\/sarjis\/ph_catalog1_angled.jpg\" alt=\"\" width=\"285\" height=\"308\" \/><\/a><\/p>\n<p>T\u00e4t\u00e4 katalogia pystyi lunastamaan tekem\u00e4ll\u00e4 The Power and the Honor Foundationille $55:n lahjoituksen (sis\u00e4lt\u00e4en toimituskulut maailmanlaajuisesti). Katalogi julkaistiin syyskuussa 2011 ja se &#8221;myytiin&#8221; loppuun jouluna 2011.<\/p>\n<h2><strong><span style=\"font-size: large;\">Takakannen teksti<\/span><\/strong><\/h2>\n<p>Before He-Man, there was Vikor! Before Vikor, There was Torak! Showcasing previously unseen material which dates back to 1979, the first volume of the Power and the Honor Foundation, Catalog details the inception and continual development of the Masters of the Universe toyline. Within the catalog&#8217;s pages, you will discover over 250 never-before-seen and digitally restored illustrations, concepts and documents.<\/p>\n<p>All of this information is brought together and beautifully presented through the collaborative efforts of lifetime He-Man and She-Ra fans who have donated their time, knowledge and skill to ensure that this catalog focuses on the incredibly talented and often overlooked artists who worked on one of the most successfull toylines of all time! Featuring insightful commentary and a foreword by Mark Raylor, The Power and The Honor Foundation Catalog Volume One provides an eyeopening and breathtaking look at the beautiful art preserved by the Foundation while offering insight into the creation of the most powerful main in the universe!<\/p>\n","protected":false},"excerpt":{"rendered":"<p>The Power and the Honor Foundation Catalog Volume One &#8211; The art of Masters of the Universe Toy Design &#8211; 2011 ($55) \u00a0 \u00a0 \u00a0 T\u00e4t\u00e4 katalogia pystyi lunastamaan tekem\u00e4ll\u00e4 The Power and the Honor Foundationille $55:n lahjoituksen (sis\u00e4lt\u00e4en toimituskulut &hellip; <a href=\"https:\/\/www.eurokolikonmaailma.fi\/?page_id=1096\">Lue loppuun <span class=\"meta-nav\">&rarr;<\/span><\/a><\/p>\n","protected":false},"author":1,"featured_media":0,"parent":1493,"menu_order":0,"comment_status":"open","ping_status":"open","template":"","meta":{"footnotes":""},"class_list":["post-1096","page","type-page","status-publish","hentry"],"_links":{"self":[{"href":"https:\/\/www.eurokolikonmaailma.fi\/index.php?rest_route=\/wp\/v2\/pages\/1096","targetHints":{"allow":["GET"]}}],"collection":[{"href":"https:\/\/www.eurokolikonmaailma.fi\/index.php?rest_route=\/wp\/v2\/pages"}],"about":[{"href":"https:\/\/www.eurokolikonmaailma.fi\/index.php?rest_route=\/wp\/v2\/types\/page"}],"author":[{"embeddable":true,"href":"https:\/\/www.eurokolikonmaailma.fi\/index.php?rest_route=\/wp\/v2\/users\/1"}],"replies":[{"embeddable":true,"href":"https:\/\/www.eurokolikonmaailma.fi\/index.php?rest_route=%2Fwp%2Fv2%2Fcomments&post=1096"}],"version-history":[{"count":4,"href":"https:\/\/www.eurokolikonmaailma.fi\/index.php?rest_route=\/wp\/v2\/pages\/1096\/revisions"}],"predecessor-version":[{"id":1099,"href":"https:\/\/www.eurokolikonmaailma.fi\/index.php?rest_route=\/wp\/v2\/pages\/1096\/revisions\/1099"}],"up":[{"embeddable":true,"href":"https:\/\/www.eurokolikonmaailma.fi\/index.php?rest_route=\/wp\/v2\/pages\/1493"}],"wp:attachment":[{"href":"https:\/\/www.eurokolikonmaailma.fi\/index.php?rest_route=%2Fwp%2Fv2%2Fmedia&parent=1096"}],"curies":[{"name":"wp","href":"https:\/\/api.w.org\/{rel}","templated":true}]}}