{"id":1088,"date":"2011-12-28T18:47:20","date_gmt":"2011-12-28T16:47:20","guid":{"rendered":"http:\/\/www.eurokolikonmaailma.fi\/blogi\/?page_id=1088"},"modified":"2023-08-04T23:49:34","modified_gmt":"2023-08-04T20:49:34","slug":"masters-of-the-universe-elokuva","status":"publish","type":"page","link":"https:\/\/www.eurokolikonmaailma.fi\/?page_id=1088","title":{"rendered":"VHS: Masters of the Universe &#8211; elokuva"},"content":{"rendered":"<h1><img loading=\"lazy\" decoding=\"async\" style=\"border-style: initial; border-color: initial;\" src=\"http:\/\/motu.eurokolikonmaailma.fi\/kuvat\/video\/motu_movie_logo.png\" alt=\"\" width=\"124\" height=\"46\" \/><img loading=\"lazy\" decoding=\"async\" src=\"http:\/\/motu.eurokolikonmaailma.fi\/kuvat\/video\/vhs_logo.jpg\" alt=\"\" width=\"91\" height=\"46\" \/><img loading=\"lazy\" decoding=\"async\" src=\"http:\/\/motu.eurokolikonmaailma.fi\/kuvat\/video\/k11.jpg\" alt=\"\" width=\"46\" height=\"46\" \/><img loading=\"lazy\" decoding=\"async\" src=\"http:\/\/motu.eurokolikonmaailma.fi\/kuvat\/video\/cannon_logo.jpg\" alt=\"\" width=\"45\" height=\"46\" \/><img loading=\"lazy\" decoding=\"async\" src=\"http:\/\/motu.eurokolikonmaailma.fi\/kuvat\/video\/showtime_logo.jpg\" alt=\"\" width=\"130\" height=\"46\" \/><\/h1>\n<h1>VHS: Masters of the Universe &#8211; elokuva<\/h1>\n<p><a href=\"http:\/\/motu.eurokolikonmaailma.fi\/kuvat\/video\/motu_movie_vhs_front_small.jpg\" target=\"_blank\" rel=\"noopener\"><img loading=\"lazy\" decoding=\"async\" title=\"Masters of the Universe elokuva VHS takakansi\" src=\"http:\/\/motu.eurokolikonmaailma.fi\/kuvat\/video\/motu_movie_vhs_front_small.jpg\" alt=\"\" width=\"193\" height=\"308\" \/><\/a><a href=\"http:\/\/motu.eurokolikonmaailma.fi\/kuvat\/video\/motu_movie_vhs_spine_small.jpg\" target=\"_blank\" rel=\"noopener\"><img loading=\"lazy\" decoding=\"async\" title=\"Masters of the Universe elokuva VHS selk\u00e4\" src=\"http:\/\/motu.eurokolikonmaailma.fi\/kuvat\/video\/motu_movie_vhs_spine_small.jpg\" alt=\"\" width=\"53\" height=\"308\" \/><\/a><a href=\"http:\/\/motu.eurokolikonmaailma.fi\/kuvat\/video\/motu_movie_vhs_back_small.jpg\" target=\"_blank\" rel=\"noopener\"><img loading=\"lazy\" decoding=\"async\" title=\"Masters of the Universe elokuva VHS etukansi\" src=\"http:\/\/motu.eurokolikonmaailma.fi\/kuvat\/video\/motu_movie_vhs_back_small.jpg\" alt=\"\" width=\"193\" height=\"308\" \/><\/a><\/p>\n<blockquote><p>K\u00e4\u00e4rmevuoren paha valtias Skeletor on ly\u00f6nyt Eternian joukot ja vanginnut Velhottaren, maailmankaikkeuden hyv\u00e4n hallitsijan. Onneksi He-Man rohkeine apureineen on yh\u00e4 hengiss\u00e4. Kosmisen avaimen avulla he yritt\u00e4v\u00e4t vapauttaa Velhottaren &#8211; turhaan. He-Man joutuu pakenemaan salaista tunnelia pitkin maapallolle, jossa huomaa avaimen hukkuneen. Mutta kaksi nuorta, Kevin ja Julie, l\u00f6yt\u00e4v\u00e4t avaimen ja He-Man on j\u00e4lleen valmis kohtaamaan Skeletorin.<\/p><\/blockquote>\n<h2>Tiedot:<\/h2>\n<p>* Kesto: 1 h 45 minuuttia<br \/>\n* Ik\u00e4raja: 11 \u00a0(alkuper\u00e4inen: 12)<br \/>\n* EAN: 6412393021052<br \/>\n* Valmistumisvuosi: 1987<br \/>\n*\u00a0\u00c4\u00e4ni: mono<br \/>\n* Tekstitys: suomi<br \/>\n* Kuvakoko: 4:3<br \/>\n*\u00a01 VHS<br \/>\n* Julkaisija: Cannon Films (jakelija Suomessa: Showtime)<\/p>\n","protected":false},"excerpt":{"rendered":"<p>VHS: Masters of the Universe &#8211; elokuva K\u00e4\u00e4rmevuoren paha valtias Skeletor on ly\u00f6nyt Eternian joukot ja vanginnut Velhottaren, maailmankaikkeuden hyv\u00e4n hallitsijan. Onneksi He-Man rohkeine apureineen on yh\u00e4 hengiss\u00e4. Kosmisen avaimen avulla he yritt\u00e4v\u00e4t vapauttaa Velhottaren &#8211; turhaan. He-Man joutuu pakenemaan &hellip; <a href=\"https:\/\/www.eurokolikonmaailma.fi\/?page_id=1088\">Lue loppuun <span class=\"meta-nav\">&rarr;<\/span><\/a><\/p>\n","protected":false},"author":1,"featured_media":0,"parent":962,"menu_order":0,"comment_status":"open","ping_status":"open","template":"","meta":{"footnotes":""},"class_list":["post-1088","page","type-page","status-publish","hentry"],"_links":{"self":[{"href":"https:\/\/www.eurokolikonmaailma.fi\/index.php?rest_route=\/wp\/v2\/pages\/1088","targetHints":{"allow":["GET"]}}],"collection":[{"href":"https:\/\/www.eurokolikonmaailma.fi\/index.php?rest_route=\/wp\/v2\/pages"}],"about":[{"href":"https:\/\/www.eurokolikonmaailma.fi\/index.php?rest_route=\/wp\/v2\/types\/page"}],"author":[{"embeddable":true,"href":"https:\/\/www.eurokolikonmaailma.fi\/index.php?rest_route=\/wp\/v2\/users\/1"}],"replies":[{"embeddable":true,"href":"https:\/\/www.eurokolikonmaailma.fi\/index.php?rest_route=%2Fwp%2Fv2%2Fcomments&post=1088"}],"version-history":[{"count":7,"href":"https:\/\/www.eurokolikonmaailma.fi\/index.php?rest_route=\/wp\/v2\/pages\/1088\/revisions"}],"predecessor-version":[{"id":5197,"href":"https:\/\/www.eurokolikonmaailma.fi\/index.php?rest_route=\/wp\/v2\/pages\/1088\/revisions\/5197"}],"up":[{"embeddable":true,"href":"https:\/\/www.eurokolikonmaailma.fi\/index.php?rest_route=\/wp\/v2\/pages\/962"}],"wp:attachment":[{"href":"https:\/\/www.eurokolikonmaailma.fi\/index.php?rest_route=%2Fwp%2Fv2%2Fmedia&parent=1088"}],"curies":[{"name":"wp","href":"https:\/\/api.w.org\/{rel}","templated":true}]}}