{"id":1082,"date":"2011-12-28T17:51:26","date_gmt":"2011-12-28T15:51:26","guid":{"rendered":"http:\/\/www.eurokolikonmaailma.fi\/blogi\/?page_id=1082"},"modified":"2011-12-28T18:37:28","modified_gmt":"2011-12-28T16:37:28","slug":"he-man-and-the-masters-of-the-universe-osa-1-alku","status":"publish","type":"page","link":"https:\/\/www.eurokolikonmaailma.fi\/?page_id=1082","title":{"rendered":"He-Man and the Masters of the Universe, Osa 1: Alku"},"content":{"rendered":"<p><img loading=\"lazy\" decoding=\"async\" src=\"http:\/\/motu.eurokolikonmaailma.fi\/kuvat\/video\/picture2.php.jpg\" alt=\"\" width=\"236\" height=\"48\" \/><img loading=\"lazy\" decoding=\"async\" src=\"http:\/\/motu.eurokolikonmaailma.fi\/kuvat\/video\/210px-Dvd-video-logo.svg.png\" alt=\"\" width=\"78\" height=\"48\" \/><img loading=\"lazy\" decoding=\"async\" src=\"http:\/\/motu.eurokolikonmaailma.fi\/kuvat\/video\/alue2.jpg\" alt=\"\" width=\"47\" height=\"48\" \/><img loading=\"lazy\" decoding=\"async\" src=\"http:\/\/motu.eurokolikonmaailma.fi\/kuvat\/video\/k7.jpg\" alt=\"\" width=\"48\" height=\"48\" \/><\/p>\n<h1>He-Man and the Masters of the Universe, Osa 1: Alku<\/h1>\n<p><a href=\"http:\/\/motu.eurokolikonmaailma.fi\/kuvat\/video\/hmotu_fin_200x_1_takakansi.jpg\" target=\"_blank\"><img loading=\"lazy\" decoding=\"async\" title=\"He-Man and the Masters of he Universe osa 1 Suomi DVD takakansi\" src=\"http:\/\/motu.eurokolikonmaailma.fi\/kuvat\/video\/hmotu_fin_200x_1_takakansi.jpg\" alt=\"\" width=\"219\" height=\"308\" \/><\/a><a href=\"http:\/\/motu.eurokolikonmaailma.fi\/kuvat\/video\/hmotu_fin_200x_1_spine.jpg\" target=\"_blank\"><img loading=\"lazy\" decoding=\"async\" title=\"He-Man and the Masters of he Universe osa 1 Suomi DVD selk\u00e4mys\" src=\"http:\/\/motu.eurokolikonmaailma.fi\/kuvat\/video\/hmotu_fin_200x_1_spine.jpg\" alt=\"\" width=\"22\" height=\"308\" \/><\/a><a href=\"http:\/\/motu.eurokolikonmaailma.fi\/kuvat\/video\/hmotu_fin_200x_1_etukansi.jpg\" target=\"_blank\"><img loading=\"lazy\" decoding=\"async\" title=\"He-Man and the Masters of he Universe osa 1 Suomi DVD etukansi\" src=\"http:\/\/motu.eurokolikonmaailma.fi\/kuvat\/video\/hmotu_fin_200x_1_etukansi.jpg\" alt=\"\" width=\"222\" height=\"308\" \/><\/a><\/p>\n<p><strong>Alku (The Beginning, part 1 &#8211; 3)<\/strong><br \/>\n<em>Sis\u00e4lt\u00e4\u00e4 kolme osaa<\/em><\/p>\n<p>Kaukana avaruudessa Eternian valtakuntaan hy\u00f6kk\u00e4\u00e4 mahtava vihollinen Skeletor. Huoleto prinssi Adam on juuri t\u00e4ytt\u00e4nyt 16-vuotta kun salaper\u00e4inen haltijatar pyyt\u00e4\u00e4 h\u00e4net P\u00e4\u00e4kallolinnaan ja kertoo nuorukaiselle t\u00e4m\u00e4n tulevan kohtalon. Ikivanhan neuvoston hallussa on s\u00e4ilytetty taikavoimia, jotka nyt annetaan prinssi Adamille.<\/p>\n<p>H\u00e4nest\u00e4 on tuleva koko universumin voimakkain ja pelottomin taistelija &#8211; valtakuntansa pelastaja ja sankari, jonka varassa on Eternian tulevaisuus. Adam ei halua sankariksi, mutta kun vihollinen sieppaa h\u00e4nen is\u00e4ns\u00e4, Adam ei voi k\u00e4\u00e4nt\u00e4\u00e4 selk\u00e4\u00e4ns\u00e4 kohtalolle. Taikamiekan voimalla h\u00e4nest\u00e4 tulee mahtava He-Man.<\/p>\n<p><strong>Tekniset tiedot:<br \/>\n<\/strong>* Kesto: n. 67 minuuttia<br \/>\n* Ik\u00e4raja: 7<br \/>\n&#8211; sopii yleisesti kaikenik\u00e4isille, mutta jotkin kohdat voivat olla sopimattomia \u00a0 \u00a0pienimmille lapsille<\/p>\n<p>* Valmistumisvuosi: 2004<br \/>\n* Aluekoodi: 2<br \/>\n* \u00c4\u00e4ni: Stereo<br \/>\n* Kieli: Puhuttu suomeksi<br \/>\n* Kuvakoko: 4:3<br \/>\n* DVD-formaatti: DVD5<br \/>\n* EAN: 6415018618507<br \/>\n* Keepcase 1 DVD<br \/>\n* Julkaisija: Finnkino Oy<\/p>\n<table style=\"border: 0px;\">\n<tbody>\n<tr>\n<td style=\"border: 0px;\"><img loading=\"lazy\" decoding=\"async\" style=\"line-height: 24px; border-style: initial; border-color: initial;\" title=\"He-Man and the Masters of he Universe osa 1 Suomi DVD levy\" src=\"http:\/\/motu.eurokolikonmaailma.fi\/kuvat\/video\/hmotu_fin_200x_1_levy.jpg\" alt=\"\" width=\"175\" height=\"175\" \/><\/td>\n<td style=\"border: 0px;\"><\/td>\n<td style=\"border: 0px;\"><\/td>\n<td style=\"border: 0px;\"><\/td>\n<\/tr>\n<\/tbody>\n<\/table>\n","protected":false},"excerpt":{"rendered":"<p>He-Man and the Masters of the Universe, Osa 1: Alku Alku (The Beginning, part 1 &#8211; 3) Sis\u00e4lt\u00e4\u00e4 kolme osaa Kaukana avaruudessa Eternian valtakuntaan hy\u00f6kk\u00e4\u00e4 mahtava vihollinen Skeletor. Huoleto prinssi Adam on juuri t\u00e4ytt\u00e4nyt 16-vuotta kun salaper\u00e4inen haltijatar pyyt\u00e4\u00e4 h\u00e4net &hellip; <a href=\"https:\/\/www.eurokolikonmaailma.fi\/?page_id=1082\">Lue loppuun <span class=\"meta-nav\">&rarr;<\/span><\/a><\/p>\n","protected":false},"author":1,"featured_media":0,"parent":1056,"menu_order":0,"comment_status":"open","ping_status":"open","template":"","meta":{"footnotes":""},"class_list":["post-1082","page","type-page","status-publish","hentry"],"_links":{"self":[{"href":"https:\/\/www.eurokolikonmaailma.fi\/index.php?rest_route=\/wp\/v2\/pages\/1082","targetHints":{"allow":["GET"]}}],"collection":[{"href":"https:\/\/www.eurokolikonmaailma.fi\/index.php?rest_route=\/wp\/v2\/pages"}],"about":[{"href":"https:\/\/www.eurokolikonmaailma.fi\/index.php?rest_route=\/wp\/v2\/types\/page"}],"author":[{"embeddable":true,"href":"https:\/\/www.eurokolikonmaailma.fi\/index.php?rest_route=\/wp\/v2\/users\/1"}],"replies":[{"embeddable":true,"href":"https:\/\/www.eurokolikonmaailma.fi\/index.php?rest_route=%2Fwp%2Fv2%2Fcomments&post=1082"}],"version-history":[{"count":4,"href":"https:\/\/www.eurokolikonmaailma.fi\/index.php?rest_route=\/wp\/v2\/pages\/1082\/revisions"}],"predecessor-version":[{"id":1084,"href":"https:\/\/www.eurokolikonmaailma.fi\/index.php?rest_route=\/wp\/v2\/pages\/1082\/revisions\/1084"}],"up":[{"embeddable":true,"href":"https:\/\/www.eurokolikonmaailma.fi\/index.php?rest_route=\/wp\/v2\/pages\/1056"}],"wp:attachment":[{"href":"https:\/\/www.eurokolikonmaailma.fi\/index.php?rest_route=%2Fwp%2Fv2%2Fmedia&parent=1082"}],"curies":[{"name":"wp","href":"https:\/\/api.w.org\/{rel}","templated":true}]}}