{"id":1000,"date":"2011-11-29T13:57:49","date_gmt":"2011-11-29T11:57:49","guid":{"rendered":"http:\/\/www.eurokolikonmaailma.fi\/blogi\/?page_id=1000"},"modified":"2011-11-29T14:25:13","modified_gmt":"2011-11-29T12:25:13","slug":"he-man-and-the-masters-of-the-universe-season-2-volume-1","status":"publish","type":"page","link":"https:\/\/www.eurokolikonmaailma.fi\/?page_id=1000","title":{"rendered":"He-Man and the Masters of the Universe Season 2 Volume 1"},"content":{"rendered":"<p><img loading=\"lazy\" decoding=\"async\" src=\"http:\/\/motu.eurokolikonmaailma.fi\/kuvat\/video\/hmatmotu_logo.jpg\" alt=\"\" width=\"75\" height=\"47\" border=\"0\" \/>\u00a0\u00a0<img loading=\"lazy\" decoding=\"async\" src=\"http:\/\/motu.eurokolikonmaailma.fi\/kuvat\/video\/210px-Dvd-video-logo.svg.png\" alt=\"\" width=\"75\" height=\"47\" border=\"0\" \/>\u00a0<img loading=\"lazy\" decoding=\"async\" src=\"http:\/\/motu.eurokolikonmaailma.fi\/kuvat\/video\/alue2.jpg\" alt=\"\" width=\"46\" height=\"47\" border=\"0\" \/>\u00a0<img loading=\"lazy\" decoding=\"async\" src=\"http:\/\/motu.eurokolikonmaailma.fi\/kuvat\/video\/k7.jpg\" alt=\"\" width=\"47\" height=\"47\" border=\"0\" \/><\/p>\n<h1>He-Man and the Masters of the Universe Season 2 Volume 1<\/h1>\n<p><a href=\"http:\/\/motu.eurokolikonmaailma.fi\/kuvat\/video\/img391.jpg\" target=\"_blank\"><img loading=\"lazy\" decoding=\"async\" style=\"border-style: initial; border-color: initial; border-width: 0px;\" title=\"He-Man and the Masters of he Universe S2V1 Saksa DVD-boksi etukansi\" src=\"http:\/\/motu.eurokolikonmaailma.fi\/kuvat\/video\/img391.jpg\" alt=\"\" width=\"185\" height=\"280\" border=\"0\" \/><\/a>\u00a0 <a href=\"http:\/\/motu.eurokolikonmaailma.fi\/kuvat\/video\/box_back.jpg\" target=\"_blank\"><img loading=\"lazy\" decoding=\"async\" style=\"border-style: initial; border-color: initial; border-width: 0px;\" title=\"He-Man and the Masters of he Universe S2V1 Saksa DVD-boksi takakansi\" src=\"http:\/\/motu.eurokolikonmaailma.fi\/kuvat\/video\/box_back.jpg\" alt=\"\" width=\"209\" height=\"280\" border=\"0\" \/><\/a>\u00a0 <a href=\"http:\/\/motu.eurokolikonmaailma.fi\/kuvat\/video\/box.jpg\" target=\"_blank\"><img loading=\"lazy\" decoding=\"async\" style=\"border-style: initial; border-color: initial; border-width: 0px;\" title=\"He-Man and the Masters of he Universe S2V1 Saksa DVD-boksi sivukuva\" src=\"http:\/\/motu.eurokolikonmaailma.fi\/kuvat\/video\/box.jpg\" alt=\"\" width=\"166\" height=\"280\" border=\"0\" \/><\/a><\/p>\n<p>He-Man, der ultimative Superheld, kehrt auf DVD zur\u00fcck! Und er bringt alle seine Freunde mit! Aber auch seine Feinde sind wieder mit dabei. Skeletor und seine Kumpanen lehren das F\u00fcrchten und so hei\u00dft es f\u00fcr He-Man: K\u00e4mpfen, was das Zeug h\u00e4lt.<\/p>\n<p>He-Man muss jede Menge Abenteuer mit seinem treuen Gehilfen Battle-Cat und seinen Kameraden \u00fcberstehen, um Eternia vor der dunklen Macht Skeletors zu retten und die Vernichtung Grayskulls zu verhindern. Dass es dabei hei\u00df her geht versteht, sich von selbst.<\/p>\n<p>Erlebe die spannenden Abenteuer Deines Superhelden und erfahre im umfangreichem Bonusmaterial alles, was ein wahrer Fan der Serie wissen mus<\/p>\n<p><strong>Lis\u00e4materiaali:<\/strong><\/p>\n<p>* Jaksokohtaiset hauskat trivia-tiedot (Saksankielinen)<br \/>\n* 3 koko jakson mittaista kommenttiraitaa: The Cat and the Spider; Trouble in Trolla; The Rainbow Warrior<br \/>\n* 2 uutta dokumenttia<br \/>\n&#8211; The Magic of Filmation<br \/>\n&#8211; The stories of He-Man and the Masters of the Universe<\/p>\n<p>* Koko jakson mittainen animoitu storyboard jaksosta #93 &#8211; Trouble&#8217;s Middle Name<br \/>\n* 50 yksityiskohtaista hahmo, olento ja esine profiilia (Saksankielinen)<br \/>\n* DVD-ROM: 5 jakson k\u00e4sikirjoitukset PDF-muodossa (PC\/MAC)<br \/>\n&#8211; The Cat and the Spider<br \/>\n&#8211; To Save Skeletor<br \/>\n&#8211; Into the Abyss<br \/>\n&#8211; The Rainbow Warrior<br \/>\n&#8211; Battlecat<\/p>\n<p>* Saksankielinen dokumentti &#8221;Die Legende lebt&#8221;<\/p>\n<p>* Kesto: n. 730 minuuttia<br \/>\n* Ik\u00e4raja: 7<br \/>\n&#8211; sopii yleisesti kaikenik\u00e4isille, mutta jotkin kohdat voivat olla sopimattomia pienimmille lapsille<br \/>\n* Valmistumisvuosi: 1984 (DVD 2007)<br \/>\n* Aluekoodi: 2<br \/>\n* \u00c4\u00e4ni: Stereo<br \/>\n* Kuvakoko: 4:3<br \/>\n* EAN: 4260131122682<br \/>\n* Digipack 7 DVD:t\u00e4<br \/>\n* Julkaisija: KSM<\/p>\n<p><strong>Jaksoluettelo:<br \/>\n<\/strong><span style=\"text-decoration: underline;\"><em>Levy 1:<\/em><\/span><\/p>\n<p>&#8211; The Cat And The Spider<br \/>\n&#8211; The Energy Beast<br \/>\n&#8211; Day Of The Machines<br \/>\n&#8211; The Gamesman<br \/>\n&#8211; Fisto&#8217;s Forest<br \/>\n&#8211; The Rarest Gift Of All<br \/>\n&#8211; The Great Books Mystery<\/p>\n<p><span style=\"text-decoration: underline;\"><em>Levy 2:<\/em><\/span><\/p>\n<p>&#8211; Origin Of The Sorceress<br \/>\n&#8211; Island Of Fear<br \/>\n&#8211; To Save Skeletor<br \/>\n&#8211; The Ice Age Cometh<br \/>\n&#8211; Trouble In Trolla<br \/>\n&#8211; Betrayal Of Stratos<br \/>\n&#8211; Disappearing Dragons<\/p>\n<p><span style=\"text-decoration: underline;\"><em>Levy 3:<\/em><\/span><\/p>\n<p>&#8211; The Shadow Of Skeletor<br \/>\n&#8211; The Arena<br \/>\n&#8211; Attack From Below<br \/>\n&#8211; Into The Abyss<br \/>\n&#8211; Fraidy Cat<br \/>\n&#8211; The Rainbow Warrior<br \/>\n&#8211; A Trip To Morainia<\/p>\n<p><span style=\"text-decoration: underline;\"><em>Levy 4:<\/em><\/span><\/p>\n<p>&#8211; Things That Go Bump In The Night<br \/>\n&#8211; Three On A Dare<br \/>\n&#8211; Just A Little Lie<br \/>\n&#8211; One For All<br \/>\n&#8211; Jacob And The Widgets<br \/>\n&#8211; The Littlest Giant<\/p>\n<p><em><span style=\"text-decoration: underline;\">Levy 5:<\/span><\/em><\/p>\n<p>&#8211; Trouble&#8217;s Middle Name<br \/>\n&#8211; Journey To Stone City<br \/>\n&#8211; A Bird In The Hand<br \/>\n&#8211; Battlecat<br \/>\n&#8211; The Time Wheel<br \/>\n&#8211; Search For The Past<\/p>\n<p>&nbsp;<\/p>\n<table style=\"border: 0px;\">\n<tbody>\n<tr>\n<td style=\"border: 0px;\"><a href=\"http:\/\/motu.eurokolikonmaailma.fi\/kuvat\/video\/disc1%20%282%29.jpg\" target=\"_blank\"><img loading=\"lazy\" decoding=\"async\" title=\"s2v1 disc1\" src=\"http:\/\/motu.eurokolikonmaailma.fi\/kuvat\/video\/disc1%20%282%29.jpg\" alt=\"\" width=\"177\" height=\"175\" \/><\/a><\/td>\n<td style=\"border: 0px;\"><a href=\"http:\/\/motu.eurokolikonmaailma.fi\/kuvat\/video\/disc2%20%282%29.jpg\" target=\"_blank\"><img loading=\"lazy\" decoding=\"async\" title=\"s2v1 disc2\" src=\"http:\/\/motu.eurokolikonmaailma.fi\/kuvat\/video\/disc2%20%282%29.jpg\" alt=\"\" width=\"176\" height=\"175\" \/><\/a><\/td>\n<td style=\"border: 0px;\"><a href=\"http:\/\/motu.eurokolikonmaailma.fi\/kuvat\/video\/disc3%20%282%29.jpg\" target=\"_blank\"><img loading=\"lazy\" decoding=\"async\" title=\"s2v1 disc3\" src=\"http:\/\/motu.eurokolikonmaailma.fi\/kuvat\/video\/disc3%20%282%29.jpg\" alt=\"\" width=\"175\" height=\"175\" \/><\/a><\/td>\n<td style=\"border: 0px;\"><a href=\"http:\/\/motu.eurokolikonmaailma.fi\/kuvat\/video\/disc4%20%282%29.jpg\" target=\"_blank\"><img loading=\"lazy\" decoding=\"async\" title=\"s2v1 disc4\" src=\"http:\/\/motu.eurokolikonmaailma.fi\/kuvat\/video\/disc4%20%282%29.jpg\" alt=\"\" width=\"174\" height=\"175\" \/><\/a><\/td>\n<\/tr>\n<tr>\n<td style=\"border: 0px;\"><a href=\"http:\/\/motu.eurokolikonmaailma.fi\/kuvat\/video\/disc5%20%282%29.jpg\" target=\"_blank\"><img loading=\"lazy\" decoding=\"async\" title=\"s2v1 disc5\" src=\"http:\/\/motu.eurokolikonmaailma.fi\/kuvat\/video\/disc5%20%282%29.jpg\" alt=\"\" width=\"174\" height=\"175\" \/><\/a><\/td>\n<td style=\"border: 0px;\"><a href=\"http:\/\/motu.eurokolikonmaailma.fi\/kuvat\/video\/disc6%20%282%29.jpg\" target=\"_blank\"><img loading=\"lazy\" decoding=\"async\" title=\"s2v1 disc6\" src=\"http:\/\/motu.eurokolikonmaailma.fi\/kuvat\/video\/disc6%20%282%29.jpg\" alt=\"\" width=\"174\" height=\"175\" \/><\/a><\/td>\n<td style=\"border: 0px;\"><a href=\"http:\/\/motu.eurokolikonmaailma.fi\/kuvat\/video\/disc7%20%282%29.jpg\" target=\"_blank\"><img loading=\"lazy\" decoding=\"async\" title=\"s2v1 disc7\" src=\"http:\/\/motu.eurokolikonmaailma.fi\/kuvat\/video\/disc7%20%282%29.jpg\" alt=\"\" width=\"171\" height=\"175\" \/><\/a><\/td>\n<td style=\"border: 0px;\"><\/td>\n<\/tr>\n<\/tbody>\n<\/table>\n","protected":false},"excerpt":{"rendered":"<p>\u00a0\u00a0\u00a0\u00a0 He-Man and the Masters of the Universe Season 2 Volume 1 \u00a0 \u00a0 He-Man, der ultimative Superheld, kehrt auf DVD zur\u00fcck! Und er bringt alle seine Freunde mit! Aber auch seine Feinde sind wieder mit dabei. Skeletor und seine &hellip; <a href=\"https:\/\/www.eurokolikonmaailma.fi\/?page_id=1000\">Lue loppuun <span class=\"meta-nav\">&rarr;<\/span><\/a><\/p>\n","protected":false},"author":1,"featured_media":0,"parent":970,"menu_order":0,"comment_status":"open","ping_status":"open","template":"","meta":{"footnotes":""},"class_list":["post-1000","page","type-page","status-publish","hentry"],"_links":{"self":[{"href":"https:\/\/www.eurokolikonmaailma.fi\/index.php?rest_route=\/wp\/v2\/pages\/1000","targetHints":{"allow":["GET"]}}],"collection":[{"href":"https:\/\/www.eurokolikonmaailma.fi\/index.php?rest_route=\/wp\/v2\/pages"}],"about":[{"href":"https:\/\/www.eurokolikonmaailma.fi\/index.php?rest_route=\/wp\/v2\/types\/page"}],"author":[{"embeddable":true,"href":"https:\/\/www.eurokolikonmaailma.fi\/index.php?rest_route=\/wp\/v2\/users\/1"}],"replies":[{"embeddable":true,"href":"https:\/\/www.eurokolikonmaailma.fi\/index.php?rest_route=%2Fwp%2Fv2%2Fcomments&post=1000"}],"version-history":[{"count":7,"href":"https:\/\/www.eurokolikonmaailma.fi\/index.php?rest_route=\/wp\/v2\/pages\/1000\/revisions"}],"predecessor-version":[{"id":1003,"href":"https:\/\/www.eurokolikonmaailma.fi\/index.php?rest_route=\/wp\/v2\/pages\/1000\/revisions\/1003"}],"up":[{"embeddable":true,"href":"https:\/\/www.eurokolikonmaailma.fi\/index.php?rest_route=\/wp\/v2\/pages\/970"}],"wp:attachment":[{"href":"https:\/\/www.eurokolikonmaailma.fi\/index.php?rest_route=%2Fwp%2Fv2%2Fmedia&parent=1000"}],"curies":[{"name":"wp","href":"https:\/\/api.w.org\/{rel}","templated":true}]}}